{"id":1068,"date":"2021-08-10T16:26:59","date_gmt":"2021-08-10T16:26:59","guid":{"rendered":"https:\/\/bookshop.codesria.org\/?post_type=product&#038;p=1068"},"modified":"2025-05-26T09:12:20","modified_gmt":"2025-05-26T09:12:20","slug":"gender-and-fundamentalisms","status":"publish","type":"product","link":"https:\/\/bookshop.codesria.org\/index.php\/product\/gender-and-fundamentalisms\/","title":{"rendered":"Genre et fondamentalismes\/Gender and Fundamentalisms"},"content":{"rendered":"<p style=\"text-align: justify\"><span data-contrast=\"auto\">When, why and how can religion and culture be both sources, and places of expression for fundamentalisms, particularly in relation to politics?\u00a0Those are the central questions asked throughout this book alongside a discussion on the result when religion, strengthened by culture, is used as a political tool to access moral and social power. Cultural and religious messages often form the basis of decisions, laws and programs made in politics, and have a direct effect on society in general, and on women and gender relations in particular. The various forms taken by fundamentalisms in some African countries and the contexts under which they have emerged, the ways in which they (re)shape identities and relationships between men and women are also analysed in this book. These fundamentalisms are frequently sources of concern in social debates, in feminist and feminine organizations as well as in academia and politics. The manipulation of cultures and religions are becoming progressively political, and consequently can cause social discrimination, or even physical, moral, and symbolic violence.<\/span><span data-ccp-props=\"{&quot;201341983&quot;:0,&quot;335551550&quot;:6,&quot;335551620&quot;:6,&quot;335559739&quot;:160,&quot;335559740&quot;:259}\">\u00a0<\/span><\/p>\n<p style=\"text-align: justify\"><b><span data-contrast=\"auto\">Fatou Sow<\/span><\/b><span data-contrast=\"auto\">\u00a0is Professor of Sociology, Universit\u00e9 Cheikh Anta Diop de Dakar, and is the International Director of Women Living Under Muslim Laws.<\/span><span data-ccp-props=\"{&quot;201341983&quot;:0,&quot;335551550&quot;:6,&quot;335551620&quot;:6,&quot;335559739&quot;:160,&quot;335559740&quot;:259}\">\u00a0<\/span><\/p>\n<p style=\"text-align: justify\"><span data-ccp-props=\"{&quot;201341983&quot;:0,&quot;335551550&quot;:6,&quot;335551620&quot;:6,&quot;335559739&quot;:160,&quot;335559740&quot;:259}\">\u00a0<\/span><\/p>\n<p style=\"text-align: justify\"><span data-contrast=\"auto\">ISBN :\u00a0978-2-86978-754-4\u00a0\u00a0\u00a0<\/span><span data-ccp-props=\"{&quot;201341983&quot;:0,&quot;335551550&quot;:6,&quot;335551620&quot;:6,&quot;335559739&quot;:160,&quot;335559740&quot;:259}\">\u00a0<\/span><\/p>\n<p style=\"text-align: justify\"><span data-contrast=\"auto\">CODESRIA 2018<\/span><span data-ccp-props=\"{&quot;201341983&quot;:0,&quot;335551550&quot;:6,&quot;335551620&quot;:6,&quot;335559739&quot;:160,&quot;335559740&quot;:259}\">\u00a0<\/span><\/p>\n","protected":false},"excerpt":{"rendered":"<p style=\"text-align: justify\"><span data-contrast=\"auto\">\u00c0 partir de quels moments, pour quelles raisons et de quelles mani\u00e8res, la religion et la culture, lorsqu\u2019elles se lient au politique, peuvent-elles \u00eatre \u00e0 la fois sources et lieux d\u2019expression des fondamentalismes ? Ce sont les questions centrales qui traversent ce livre. Ce qui est consid\u00e9r\u00e9 ici, c\u2019est \u00ab la religion \u00bb lorsqu\u2019elle est id\u00e9ologie qui fonde la culture et devient outil d\u2019acc\u00e8s au pouvoir moral, au pouvoir social et surtout au pouvoir politique. Les messages culturels et religieux et leurs interpr\u00e9tations sous-tendent souvent les d\u00e9cisions, les lois et les programmes prises par le politique. Ils ont des effets directs sur la soci\u00e9t\u00e9, en g\u00e9n\u00e9ral, et sur les femmes et les rapports de genre, en particulier. Les contributions \u00e0 cet ouvrage analysent les diverses formes du fondamentalisme dans quelques pays africains, leurs contextes d\u2019\u00e9mergence et la mani\u00e8re dont elles (re)fa\u00e7onnent les identit\u00e9s et les rapports hommes\/femmes. Ces fondamentalismes constituent des sources de pr\u00e9occupations persistantes dans les d\u00e9bats de soci\u00e9t\u00e9, aussi bien des organisations f\u00e9ministes et f\u00e9minines que des mondes acad\u00e9miques et politiques. Les manipulations des cultures et des religions se font de plus en plus politiques et finissent par occasionner des discriminations sociales, voire des violences physiques, morales et symboliques assur\u00e9ment insoutenables.<\/span><span data-ccp-props=\"{&quot;201341983&quot;:0,&quot;335551550&quot;:6,&quot;335551620&quot;:6,&quot;335559739&quot;:160,&quot;335559740&quot;:259}\">\u00a0<\/span><\/p>\n<p style=\"text-align: justify\"><span data-ccp-props=\"{&quot;201341983&quot;:0,&quot;335551550&quot;:6,&quot;335551620&quot;:6,&quot;335559739&quot;:160,&quot;335559740&quot;:259}\">\u00a0<\/span><\/p>\n<p style=\"text-align: justify\"><b><span data-contrast=\"auto\">Fatou Sow<\/span><\/b><span data-contrast=\"auto\">, sociologue, est titulaire d\u2019un Doctorat de 3e cycle (Paris-Sorbonne) et d\u2019une Habilitation \u00e0 diriger des recherches en sociologie (Paris denis-Diderot). Elle est, depuis 2008, la directrice du R\u00e9seau international de solidarit\u00e9 Women Living Under Muslim Laws (Londres, UK).<\/span><span data-ccp-props=\"{&quot;201341983&quot;:0,&quot;335551550&quot;:6,&quot;335551620&quot;:6,&quot;335559739&quot;:160,&quot;335559740&quot;:259}\">\u00a0<\/span><\/p>\n","protected":false},"featured_media":3608,"template":"","meta":[],"product_cat":[57,54],"product_tag":[864,865,64,280],"class_list":{"0":"post-1068","1":"product","2":"type-product","3":"status-publish","4":"has-post-thumbnail","6":"product_cat-book-series","7":"product_cat-codesria-books","8":"product_tag-fondamentalismes","9":"product_tag-fundamentalisms","10":"product_tag-gender","11":"product_tag-genre","13":"first","14":"outofstock","15":"shipping-taxable","16":"purchasable","17":"product-type-simple"},"_links":{"self":[{"href":"https:\/\/bookshop.codesria.org\/index.php\/wp-json\/wp\/v2\/product\/1068","targetHints":{"allow":["GET"]}}],"collection":[{"href":"https:\/\/bookshop.codesria.org\/index.php\/wp-json\/wp\/v2\/product"}],"about":[{"href":"https:\/\/bookshop.codesria.org\/index.php\/wp-json\/wp\/v2\/types\/product"}],"wp:featuredmedia":[{"embeddable":true,"href":"https:\/\/bookshop.codesria.org\/index.php\/wp-json\/wp\/v2\/media\/3608"}],"wp:attachment":[{"href":"https:\/\/bookshop.codesria.org\/index.php\/wp-json\/wp\/v2\/media?parent=1068"}],"wp:term":[{"taxonomy":"product_cat","embeddable":true,"href":"https:\/\/bookshop.codesria.org\/index.php\/wp-json\/wp\/v2\/product_cat?post=1068"},{"taxonomy":"product_tag","embeddable":true,"href":"https:\/\/bookshop.codesria.org\/index.php\/wp-json\/wp\/v2\/product_tag?post=1068"}],"curies":[{"name":"wp","href":"https:\/\/api.w.org\/{rel}","templated":true}]}}