{"id":1113,"date":"2021-08-11T01:31:38","date_gmt":"2021-08-11T01:31:38","guid":{"rendered":"https:\/\/bookshop.codesria.org\/?post_type=product&#038;p=1113"},"modified":"2021-08-11T01:32:08","modified_gmt":"2021-08-11T01:32:08","slug":"les-sciences-sociales-au-senegal-mise-a-lepreuve-et-nouvelles-perspectives","status":"publish","type":"product","link":"https:\/\/bookshop.codesria.org\/index.php\/product\/les-sciences-sociales-au-senegal-mise-a-lepreuve-et-nouvelles-perspectives\/","title":{"rendered":"LES SCIENCES SOCIALES AU S\u00c9N\u00c9GAL\u00a0: Mise \u00e0 l\u2019\u00e9preuve et nouvelles perspectives"},"content":{"rendered":"<p>La rencontre qui s\u2019organise en ce livre de disciplines et th\u00e9matiques diverses manifeste le mouvement, aujourd\u2019hui, de la recherche acad\u00e9mique en sciences sociales au S\u00e9n\u00e9gal. Diff\u00e9rentes ethnographies et sociologies, sp\u00e9cifiques \u00e0 chaque situation examin\u00e9e, sont pr\u00e9sent\u00e9es dans les textes ici r\u00e9unis, qui inaugurent et affichent, tout \u00e0 la fois, une conversation autant soucieuse de pr\u00e9cision empirique qu\u2019attentive aux probl\u00e9matiques th\u00e9oriques, \u00e9pist\u00e9mologiques et m\u00e9thodologiques. Ainsi, dans leur mani\u00e8re de restituer avec rigueur aussi bien la diversit\u00e9 des communaut\u00e9s et des acteurs que la complexit\u00e9 des situations et des th\u00e8mes examin\u00e9s, les diff\u00e9rents chapitres ont valeur d\u2019exemplaires.<\/p>\n<p>La coh\u00e9rence de l\u2019ouvrage tient aux proc\u00e9dures mises en \u0153uvre dans chaque contribution : la collecte la plus compl\u00e8te et la plus rigoureuse possible des ressources documentaires disponibles ; leur traitement en recourant aux th\u00e9ories et m\u00e9thodes scientifiques, quantitatives et qualitatives les plus \u00e9prouv\u00e9es et, finalement, une pr\u00e9sentation claire et pr\u00e9cise des r\u00e9sultats obtenus. Aucune ne s\u2019enferme dans une r\u00e9flexion exclusivement acad\u00e9mique. Le souci de trouver des solutions pratiques aux probl\u00e8mes examin\u00e9s est fortement pr\u00e9sent. Chaque texte est exemplaire en ce sens qu\u2019il propose un exemple de ce que sont aujourd\u2019hui les humanit\u00e9s et les sciences sociales sur notre continent lorsqu\u2019elles sont attach\u00e9es \u00e0 penser les devenirs \u00e0 l\u2019\u0153uvre dans la modernit\u00e9 africaine, s\u00e9n\u00e9galaise plus particuli\u00e8rement. C\u2019est \u00e0 ce titre qu\u2019ils se font \u00e9cho dans leur mani\u00e8re de proposer, ensemble, un profil de cette modernit\u00e9 en mouvement.<\/p>\n<p>&nbsp;<\/p>\n<p>This multidisciplinary work shows the movement today of academic research in social sciences in Senegal.<\/p>\n<p>&nbsp;<\/p>\n<p><strong>Mamadou Diouf<\/strong> est Leitner Family Professeur d\u2019\u00e9tudes africaines au d\u00e9partement d\u2019\u00e9tudes africaines, du Moyen-Orient et d\u2019Asie du Sud \u00e0 l\u2019Universit\u00e9 de Columbia. Il est aussi Professeur d\u2019histoire au D\u00e9partement d\u2019histoire et directeur de l\u2019Institut d\u2019\u00e9tudes africaines de cette m\u00eame universit\u00e9.<\/p>\n<p>&nbsp;<\/p>\n<p>Apr\u00e8s avoir enseign\u00e9 \u00e0 l\u2019universit\u00e9 de Dakar, depuis 2008 <strong>Souleymane Bachir Diagne <\/strong>est professeur \u00e0 Columbia University. Ses recherches s\u2019inscrivent en histoire de la philosophie et de la logique alg\u00e9brique, en histoire de la philosophie islamique ainsi qu\u2019en litt\u00e9rature francophone et en philosophie africaines.<\/p>\n<p>&nbsp;<\/p>\n<p>ISBN : 978 2 86978 709 4<\/p>\n<p>CODESRIA 2016<\/p>\n","protected":false},"excerpt":{"rendered":"<p>La rencontre qui s\u2019organise en ce livre de disciplines et th\u00e9matiques diverses manifeste le mouvement, aujourd\u2019hui, de la recherche acad\u00e9mique en sciences sociales au S\u00e9n\u00e9gal. Diff\u00e9rentes ethnographies et sociologies, sp\u00e9cifiques<\/p>\n","protected":false},"featured_media":1115,"template":"","meta":[],"product_cat":[54],"product_tag":[142,140,141,139],"class_list":{"0":"post-1113","1":"product","2":"type-product","3":"status-publish","4":"has-post-thumbnail","6":"product_cat-codesria-books","7":"product_tag-mamadou-diouf","8":"product_tag-sciences-sociales","9":"product_tag-senegal","10":"product_tag-souleymane-bachir-diagne","12":"first","13":"instock","14":"shipping-taxable","15":"purchasable","16":"product-type-simple"},"_links":{"self":[{"href":"https:\/\/bookshop.codesria.org\/index.php\/wp-json\/wp\/v2\/product\/1113","targetHints":{"allow":["GET"]}}],"collection":[{"href":"https:\/\/bookshop.codesria.org\/index.php\/wp-json\/wp\/v2\/product"}],"about":[{"href":"https:\/\/bookshop.codesria.org\/index.php\/wp-json\/wp\/v2\/types\/product"}],"wp:featuredmedia":[{"embeddable":true,"href":"https:\/\/bookshop.codesria.org\/index.php\/wp-json\/wp\/v2\/media\/1115"}],"wp:attachment":[{"href":"https:\/\/bookshop.codesria.org\/index.php\/wp-json\/wp\/v2\/media?parent=1113"}],"wp:term":[{"taxonomy":"product_cat","embeddable":true,"href":"https:\/\/bookshop.codesria.org\/index.php\/wp-json\/wp\/v2\/product_cat?post=1113"},{"taxonomy":"product_tag","embeddable":true,"href":"https:\/\/bookshop.codesria.org\/index.php\/wp-json\/wp\/v2\/product_tag?post=1113"}],"curies":[{"name":"wp","href":"https:\/\/api.w.org\/{rel}","templated":true}]}}