{"id":1231,"date":"2021-08-23T01:49:59","date_gmt":"2021-08-23T01:49:59","guid":{"rendered":"https:\/\/bookshop.codesria.org\/?post_type=product&#038;p=1231"},"modified":"2021-08-23T01:50:07","modified_gmt":"2021-08-23T01:50:07","slug":"como-fazer-ciencias-sociais-e-humanas-em-africa-questoes-epistemologicas-metodologicas-teoricas-e-politicas-textos-do-coloquio-em-homenagem-a-aquino-de-braganca","status":"publish","type":"product","link":"https:\/\/bookshop.codesria.org\/index.php\/product\/como-fazer-ciencias-sociais-e-humanas-em-africa-questoes-epistemologicas-metodologicas-teoricas-e-politicas-textos-do-coloquio-em-homenagem-a-aquino-de-braganca\/","title":{"rendered":"Como Fazer Ci\u00eancias Sociais e Humanas em \u00c1frica : Quest\u00f5es Epistemol\u00f3gicas, Metodol\u00f3gicas, Te\u00f3ricas e Pol\u00edticas. (Textos do Col\u00f3quio em Homenagem a Aquino de Bragan\u00e7a)"},"content":{"rendered":"<p>As crises de pensamento decorrentes das grandes mudan\u00e7as verificadas no mundo durante a \u00faltima metade do s\u00e9culo XX e in\u00edcio deste s\u00e9culo levaram as Ci\u00eancias Sociais e Humanidades a acelerar a sua reconceptualiza\u00e7\u00e3o num esfor\u00e7o tendente a clarificar e redefinir o seu papel na sociedade. Hoje, mais do que nunca, se debate sobre a finalidade das Ci\u00eancias Sociais. Questionamonos sobre o seu contributo para a formula\u00e7\u00e3o e resolu\u00e7\u00e3o dos problemas contempor\u00e2neos, incluindo de que forma elas podem ajudar a uma maior efic\u00e1cia na tomada de decis\u00f5es pol\u00edticas e administrativas. Questionamo-nos, inclusivamente, sobre o futuro das pr\u00f3prias Ci\u00eancias Sociais e Humanidades, futuro esse que depende em grande medida da pertin\u00eancia das vis\u00f5es do mundo que nos proporcionam. A procura de respostas para estes questionamentos n\u00e3o pode estar dissociada da discuss\u00e3o em torno da problem\u00e1tica referente \u00e0 produ\u00e7\u00e3o e apropria\u00e7\u00e3o do conhecimento. A cultura cient\u00edfica \u00e9 actualmente encarada como uma dimens\u00e3o fundamental das sociedades contempor\u00e2neas, na medida em que interfere com todos os dom\u00ednios da vida social. Ela representa o vector decisivo da moderniza\u00e7\u00e3o e do desenvolvimento.<\/p>\n<p>Como fazer ci\u00eancias sociais e humanas em \u00c1frica: quest\u00f5es epistemol\u00f3gicas, metodol\u00f3gicas, te\u00f3ricas e pol\u00edticas (Textos do Col\u00f3quio em Homenagem a Aquino de Bragan\u00e7a) tem o formato de \u2018actas\u2019 de um col\u00f3quio onde o pretexto da evoca\u00e7\u00e3o de uma personalidade marcante e do seu legado criou espa\u00e7o para um cruzamento de ideias sobre o caminho percorrido e o futuro das Ci\u00eancias Sociais e Humanas no continente africano. Com comunica\u00e7\u00f5es centradas nas experi\u00eancias de pa\u00edses africanos, com destaque para os falantes da L\u00edngua Portuguesa, o cosmopolitismo que marcou a vida de Bragan\u00e7a levou os autores desta compila\u00e7\u00e3o de textos a trazerem para debate problemas de rela\u00e7\u00f5es internacionais que envolvem, para al\u00e9m de \u00c1frica, a Europa e a Am\u00e9rica. As ideias e contribui\u00e7\u00f5es que comp\u00f5em esta obra mostram-nos tamb\u00e9m a import\u00e2ncia do casamento entre as Ci\u00eancias Sociais e as Humanidades. O cruzamento de ideias espelhado nesta obra reflecte ao mesmo tempo as rupturas e continuidades que marcam pelo menos tr\u00eas gera\u00e7\u00f5es de acad\u00e9micos africanos das universidades nacionais ap\u00f3s as independ\u00eancias. Em alguns casos \u00e9 poss\u00edvel ler pontos convergentes, mas tamb\u00e9m contradit\u00f3rios ou nem sempre concordantes, entre os diversos autores. As suas opini\u00f5es abrem, entretanto, novos caminhos para a pesquisa. Afinal de contas, \u00e9 desta luta de contr\u00e1rios e da procura de converg\u00eancias que se constroem ideias e projectos, \u00e9 este o caminho do pensamento cient\u00edfico.<\/p>\n<p>&nbsp;<\/p>\n<p><strong>Teresa Cruz e Silva<\/strong> Professora e pesquisadora do Centro de Estudos Africanos da Universidade Eduardo Mondlane em Maputo, \u00e9 doutorada em Ci\u00eancias Sociais pela Universidade de Bradford (Gr\u00e3-Bretanha).<\/p>\n<p>&nbsp;<\/p>\n<p><strong>Jo\u00e3o Paulo Borges Coelho<\/strong> Escritor e historiador mo\u00e7ambicano doutorado pela Universidade de Bradford, \u00e9 professor de Hist\u00f3ria Contempor\u00e2nea na Universidade Eduardo Mondlane.<\/p>\n<p>&nbsp;<\/p>\n<p><strong>Am\u00e9lia Neves de Souto<\/strong> Doutorada em Hist\u00f3ria Institucional e Pol\u00edtica Contempor\u00e2nea (s\u00e9culos XIX e XX) pela Universidade Nova de Lisboa (Portugal), \u00e9 Professora na Universidade Eduardo Mondlane, e pesquisadora do Centro de Estudos Africanos da mesma universidade.<\/p>\n<p>&nbsp;<\/p>\n<p>ISBN: 978 286978 505 2<\/p>\n<p>CODESRIA 2012<\/p>\n","protected":false},"excerpt":{"rendered":"<p>As crises de pensamento decorrentes das grandes mudan\u00e7as verificadas no mundo durante a \u00faltima metade do s\u00e9culo XX e in\u00edcio deste s\u00e9culo levaram as Ci\u00eancias Sociais e Humanidades a acelerar<\/p>\n","protected":false},"featured_media":1224,"template":"","meta":[],"product_cat":[54],"product_tag":[],"class_list":{"0":"post-1231","1":"product","2":"type-product","3":"status-publish","4":"has-post-thumbnail","6":"product_cat-codesria-books","8":"first","9":"instock","10":"shipping-taxable","11":"purchasable","12":"product-type-simple"},"_links":{"self":[{"href":"https:\/\/bookshop.codesria.org\/index.php\/wp-json\/wp\/v2\/product\/1231","targetHints":{"allow":["GET"]}}],"collection":[{"href":"https:\/\/bookshop.codesria.org\/index.php\/wp-json\/wp\/v2\/product"}],"about":[{"href":"https:\/\/bookshop.codesria.org\/index.php\/wp-json\/wp\/v2\/types\/product"}],"wp:featuredmedia":[{"embeddable":true,"href":"https:\/\/bookshop.codesria.org\/index.php\/wp-json\/wp\/v2\/media\/1224"}],"wp:attachment":[{"href":"https:\/\/bookshop.codesria.org\/index.php\/wp-json\/wp\/v2\/media?parent=1231"}],"wp:term":[{"taxonomy":"product_cat","embeddable":true,"href":"https:\/\/bookshop.codesria.org\/index.php\/wp-json\/wp\/v2\/product_cat?post=1231"},{"taxonomy":"product_tag","embeddable":true,"href":"https:\/\/bookshop.codesria.org\/index.php\/wp-json\/wp\/v2\/product_tag?post=1231"}],"curies":[{"name":"wp","href":"https:\/\/api.w.org\/{rel}","templated":true}]}}