{"id":1368,"date":"2021-08-27T09:23:56","date_gmt":"2021-08-27T09:23:56","guid":{"rendered":"https:\/\/bookshop.codesria.org\/?post_type=product&#038;p=1368"},"modified":"2021-08-27T09:24:00","modified_gmt":"2021-08-27T09:24:00","slug":"liberte-academique-en-afrique","status":"publish","type":"product","link":"https:\/\/bookshop.codesria.org\/index.php\/product\/liberte-academique-en-afrique\/","title":{"rendered":"Libert\u00e9 academique en Afrique"},"content":{"rendered":"<p>Alors que les \u00e9conomies africaines subissent les programmes d&#8217;ajustement structurel, les universit\u00e9s africaines sont enferm\u00e9es dans un dilemme par la Banque mondiale, qui manie la carotte et le b\u00e2ton entre ressources et discipline budg\u00e9taire. Mauvais traitement salarial, salles de classe surcharg\u00e9es et d\u00e9labr\u00e9es, biblioth\u00e8ques vides, les universitaires africains remettent en question leur utilit\u00e9, s&#8217;interrogent sur la port\u00e9e de leur activit\u00e9 et se demandent si la libert\u00e9 est un droit. C&#8217;est dans ce contexte qu&#8217;il faut situer le symposium sur la libert\u00e9 acad\u00e9mique et la responsabilit\u00e9 sociale des intellectuels qui a eu lieu \u00e0 Kampala. Le pr\u00e9sent recueil est le fruit des d\u00e9bats qui s&#8217;y sont tenus. Cet ouvrage aborde la relation du capital et de l&#8217;\u00c9tat vis -\u00e0- vis de la libert\u00e9 acad\u00e9mique et d\u00e9crit les processus historiques qui ont fa\u00e7onn\u00e9 les intellectuels en Afrique. Il met l&#8217;accent sur les probl\u00e8mes d&#8217;autonomie et de d\u00e9mocratie. La question des financements est soulev\u00e9e, ainsi que la difficult\u00e9 des alliances qui remettent en cause le droit \u00e0 l&#8217;ind\u00e9pendance.<\/p>\n<p><strong>\u00a0<\/strong><\/p>\n<p>ISBN: 2-86978-38-7<\/p>\n<p>CODESRIA 1994<\/p>\n","protected":false},"excerpt":{"rendered":"<p>Alors que les \u00e9conomies africaines subissent les programmes d&#8217;ajustement structurel, les universit\u00e9s africaines sont enferm\u00e9es dans un dilemme par la Banque mondiale, qui manie la carotte et le b\u00e2ton entre<\/p>\n","protected":false},"featured_media":1349,"template":"","meta":[],"product_cat":[54],"product_tag":[],"class_list":{"0":"post-1368","1":"product","2":"type-product","3":"status-publish","4":"has-post-thumbnail","6":"product_cat-codesria-books","8":"first","9":"instock","10":"shipping-taxable","11":"purchasable","12":"product-type-simple"},"_links":{"self":[{"href":"https:\/\/bookshop.codesria.org\/index.php\/wp-json\/wp\/v2\/product\/1368","targetHints":{"allow":["GET"]}}],"collection":[{"href":"https:\/\/bookshop.codesria.org\/index.php\/wp-json\/wp\/v2\/product"}],"about":[{"href":"https:\/\/bookshop.codesria.org\/index.php\/wp-json\/wp\/v2\/types\/product"}],"wp:featuredmedia":[{"embeddable":true,"href":"https:\/\/bookshop.codesria.org\/index.php\/wp-json\/wp\/v2\/media\/1349"}],"wp:attachment":[{"href":"https:\/\/bookshop.codesria.org\/index.php\/wp-json\/wp\/v2\/media?parent=1368"}],"wp:term":[{"taxonomy":"product_cat","embeddable":true,"href":"https:\/\/bookshop.codesria.org\/index.php\/wp-json\/wp\/v2\/product_cat?post=1368"},{"taxonomy":"product_tag","embeddable":true,"href":"https:\/\/bookshop.codesria.org\/index.php\/wp-json\/wp\/v2\/product_tag?post=1368"}],"curies":[{"name":"wp","href":"https:\/\/api.w.org\/{rel}","templated":true}]}}