{"id":1616,"date":"2021-10-09T10:17:55","date_gmt":"2021-10-09T10:17:55","guid":{"rendered":"https:\/\/bookshop.codesria.org\/?post_type=product&#038;p=1616"},"modified":"2021-10-09T10:18:01","modified_gmt":"2021-10-09T10:18:01","slug":"analyse-de-lincidence-des-mesures-dincitation-sectorielles-sur-les-secteurs-manufacturiers-au-cameroun","status":"publish","type":"product","link":"https:\/\/bookshop.codesria.org\/index.php\/product\/analyse-de-lincidence-des-mesures-dincitation-sectorielles-sur-les-secteurs-manufacturiers-au-cameroun\/","title":{"rendered":"Analyse de l&#8217;incidence des mesures d&#8217;incitation sectorielles sur les secteurs manufacturiers au Cameroun"},"content":{"rendered":"<p>Dans plusieurs pays en d\u00e9veloppement, le d\u00e9sir de s&#8217;industrialiser a conduit \u00e0 la mise en oeuvre simultan\u00e9e des politiques d&#8217;import-substitution et d&#8217;export-promotion. Ces politiques sont mat\u00e9rialis\u00e9es par la protection accord\u00e9e aux industries locales. Par exemple certains biens import\u00e9s et export\u00e9s (g\u00e9n\u00e9ralement les exportations traditionnelles, TES 1989-1990) supportent des taxes, alors que la production d&#8217;autres (par exemple les biens d&#8217;exportation non traditionnels, principalement des produits manufactur\u00e9s), est subventionn\u00e9e. Au Cameroun o\u00f9 la politique industrielle et commerciale donne une attention particuli\u00e8re au secteur manufacturier, de telles mesures sont fr\u00e9quemment appliqu\u00e9es soit pour atteindre des objectifs divers, soit pour faire face aux probl\u00e8mes imm\u00e9diats. Par exemple, pour prot\u00e9ger les producteurs locaux, une taxe de p\u00e9r\u00e9quation a \u00e9t\u00e9 mise sur pied par d\u00e9cret du 22 janvier 1988. Cette taxe avait pour but d&#8217;accorder une subvention implicite \u00e0 la production des biens alimentaires. Au d\u00e9part, elle ne s&#8217;appliquait qu&#8217;aux importations de riz et de sucre, ensuite elle a \u00e9t\u00e9 \u00e9tendue \u00e0 celles des huiles v\u00e9g\u00e9tales et aux corps gras en 1989. Cette mesure r\u00e9pond \u00e0 la pr\u00e9occupation du Gouvernement de soutenir l&#8217;autosuffisance alimentaire au Cameroun. Par ailleurs, l&#8217;article 10 du titre Il du Code des investissements de novembre 1990 stipule que les produits industriels destin\u00e9s \u00e0 l&#8217;exportation sont exon\u00e9r\u00e9s des droits de sortie. Toutefois, lorsque les circonstances l&#8217;exigent, un droit de sortie peut \u00eatre institu\u00e9 sur un produit d\u00e9termin\u00e9 apr\u00e8s avis des administrations int\u00e9ress\u00e9es. G\u00e9n\u00e9ralement, l&#8217;impact de ces mesures sur l&#8217;ensemble de la structure des incitations relatives n&#8217;est pas pris en consid\u00e9ration. L&#8217;id\u00e9e du gouvernement pourrait \u00eatre de prot\u00e9ger ou de promouvoir une activit\u00e9 industrielle d&#8217;un type particulier. Seulement, la protection de cette activit\u00e9 d\u00e9prot\u00e8ge une autre en raison de la prise en compte des effets &#8211; prix de ces mesures.<\/p>\n<p>&nbsp;<\/p>\n<p>&nbsp;<\/p>\n<p>ISBN: 0850-5942<\/p>\n<p>CODESRIA 1998<\/p>\n","protected":false},"excerpt":{"rendered":"<p>Dans plusieurs pays en d\u00e9veloppement, le d\u00e9sir de s&#8217;industrialiser a conduit \u00e0 la mise en oeuvre simultan\u00e9e des politiques d&#8217;import-substitution et d&#8217;export-promotion. Ces politiques sont mat\u00e9rialis\u00e9es par la protection accord\u00e9e<\/p>\n","protected":false},"featured_media":1600,"template":"","meta":[],"product_cat":[16],"product_tag":[],"class_list":{"0":"post-1616","1":"product","2":"type-product","3":"status-publish","4":"has-post-thumbnail","6":"product_cat-uncategorised","8":"first","9":"instock","10":"shipping-taxable","11":"purchasable","12":"product-type-simple"},"_links":{"self":[{"href":"https:\/\/bookshop.codesria.org\/index.php\/wp-json\/wp\/v2\/product\/1616","targetHints":{"allow":["GET"]}}],"collection":[{"href":"https:\/\/bookshop.codesria.org\/index.php\/wp-json\/wp\/v2\/product"}],"about":[{"href":"https:\/\/bookshop.codesria.org\/index.php\/wp-json\/wp\/v2\/types\/product"}],"wp:featuredmedia":[{"embeddable":true,"href":"https:\/\/bookshop.codesria.org\/index.php\/wp-json\/wp\/v2\/media\/1600"}],"wp:attachment":[{"href":"https:\/\/bookshop.codesria.org\/index.php\/wp-json\/wp\/v2\/media?parent=1616"}],"wp:term":[{"taxonomy":"product_cat","embeddable":true,"href":"https:\/\/bookshop.codesria.org\/index.php\/wp-json\/wp\/v2\/product_cat?post=1616"},{"taxonomy":"product_tag","embeddable":true,"href":"https:\/\/bookshop.codesria.org\/index.php\/wp-json\/wp\/v2\/product_tag?post=1616"}],"curies":[{"name":"wp","href":"https:\/\/api.w.org\/{rel}","templated":true}]}}