{"id":1622,"date":"2021-10-09T11:14:19","date_gmt":"2021-10-09T11:14:19","guid":{"rendered":"https:\/\/bookshop.codesria.org\/?post_type=product&#038;p=1622"},"modified":"2022-05-11T16:40:49","modified_gmt":"2022-05-11T16:40:49","slug":"la-revolution-passive-au-cameroun-etat-societe-et-changement","status":"publish","type":"product","link":"https:\/\/bookshop.codesria.org\/index.php\/product\/la-revolution-passive-au-cameroun-etat-societe-et-changement\/","title":{"rendered":"La r\u00e9volution passive au Cameroun: Etat, soci\u00e9t\u00e9 et changement (Printed)"},"content":{"rendered":"<p>Cet ouvrage porte sur les mutations sociales, politiques et \u00e9conomiques observ\u00e9es au Cameroun depuis la fin des ann\u00e9es 1980. Il montre comment, malgr\u00e9 une crise sociale et politique de grande envergure, les dirigeants camerounais ont r\u00e9ussi, \u00e0 travers des r\u00e9formes et des proc\u00e9dures politiques sophistiqu\u00e9es, \u00e0 court-circuiter les mouvements sociaux ayant affect\u00e9 ce pays au d\u00e9but des ann\u00e9es 1990. Les auteurs expliquent ainsi pourquoi la capacit\u00e9 de mobilisation de l&#8217;opposition n&#8217;a pas d\u00e9bouch\u00e9 sur la ma\u00eetrise de l&#8217;agenda et des formes de la lib\u00e9ralisation politique, situation qui a permis aux acteurs du r\u00e9gime de pr\u00e9server leur marge de manouvre autoritaire. Les contributions r\u00e9unies dans cet ouvrage restituent, \u00e0 partir de diff\u00e9rents sites d&#8217;observation, la complexit\u00e9 des changements en cours au Cameroun. Elles mettent en \u00e9vidence deux proc\u00e8s. Tout d&#8217;abord, celui de l&#8217;\u00e9nonciation timide d&#8217;un espace public, d&#8217;une culture politique de participation, d&#8217;un ajustement aux libert\u00e9s publiques et d&#8217;un r\u00e9f\u00e9rentiel de politique \u00e9lectorale. Mais elles suivent \u00e9galement \u00e0 la trace et nomment les diff\u00e9rentes pratiques d&#8217;exclusion sociale ou d&#8217;assujettissement de la soci\u00e9t\u00e9 civile et les strat\u00e9gies de restauration autoritaire qui produisent des effets de torsion du flux lib\u00e9ral. Le champ d&#8217;interpr\u00e9tation des changements en cours au Cameroun demeure large. Cet ouvrage qui n&#8217;aspire pas \u00e0 l&#8217;exhaustivit\u00e9 a choisi l&#8217;exploration de certaines pistes pour \u00e9clairer les relations entre l&#8217;\u00c9tat et la soci\u00e9t\u00e9. R\u00e9dig\u00e9 avec beaucoup de pr\u00e9cision et dans un style serein, ce livre demeure une r\u00e9f\u00e9rence importante pour comprendre les mutations en cours au Cameroun.<\/p>\n<p>&nbsp;<\/p>\n<p><strong>Luc Sindjoun<\/strong><\/p>\n<p>&nbsp;<\/p>\n<p>ISBN\u00a0: 2-86978-082-6<\/p>\n<p>CODESRIA 1999<\/p>\n","protected":false},"excerpt":{"rendered":"<p>Cet ouvrage porte sur les mutations sociales, politiques et \u00e9conomiques observ\u00e9es au Cameroun depuis la fin des ann\u00e9es 1980. Il montre comment, malgr\u00e9 une crise sociale et politique de grande<\/p>\n","protected":false},"featured_media":1608,"template":"","meta":[],"product_cat":[54],"product_tag":[389],"class_list":{"0":"post-1622","1":"product","2":"type-product","3":"status-publish","4":"has-post-thumbnail","6":"product_cat-codesria-books","7":"product_tag-camerounrevolution-passive","9":"first","10":"instock","11":"shipping-taxable","12":"purchasable","13":"product-type-simple"},"_links":{"self":[{"href":"https:\/\/bookshop.codesria.org\/index.php\/wp-json\/wp\/v2\/product\/1622","targetHints":{"allow":["GET"]}}],"collection":[{"href":"https:\/\/bookshop.codesria.org\/index.php\/wp-json\/wp\/v2\/product"}],"about":[{"href":"https:\/\/bookshop.codesria.org\/index.php\/wp-json\/wp\/v2\/types\/product"}],"wp:featuredmedia":[{"embeddable":true,"href":"https:\/\/bookshop.codesria.org\/index.php\/wp-json\/wp\/v2\/media\/1608"}],"wp:attachment":[{"href":"https:\/\/bookshop.codesria.org\/index.php\/wp-json\/wp\/v2\/media?parent=1622"}],"wp:term":[{"taxonomy":"product_cat","embeddable":true,"href":"https:\/\/bookshop.codesria.org\/index.php\/wp-json\/wp\/v2\/product_cat?post=1622"},{"taxonomy":"product_tag","embeddable":true,"href":"https:\/\/bookshop.codesria.org\/index.php\/wp-json\/wp\/v2\/product_tag?post=1622"}],"curies":[{"name":"wp","href":"https:\/\/api.w.org\/{rel}","templated":true}]}}