{"id":1623,"date":"2021-10-09T11:17:24","date_gmt":"2021-10-09T11:17:24","guid":{"rendered":"https:\/\/bookshop.codesria.org\/?post_type=product&#038;p=1623"},"modified":"2022-05-11T16:40:30","modified_gmt":"2022-05-11T16:40:30","slug":"la-mondialite-une-prospective-du-sens-historique","status":"publish","type":"product","link":"https:\/\/bookshop.codesria.org\/index.php\/product\/la-mondialite-une-prospective-du-sens-historique\/","title":{"rendered":"La mondialit\u00e9 ? Une prospective du sens historique (Printed)"},"content":{"rendered":"<p>maire \u00ab\u00a0La culture n&#8217;est pas un patrimoine qui gonfle au cours du temps. (&#8230;) Les acquis du pr\u00e9sent et du pass\u00e9 ne peuvent supporter d&#8217;incompatibilit\u00e9 lorsqu&#8217;ils participent \u00e0 un assemblage de longue haleine, c&#8217;est pourquoi, on doit faire table rase d&#8217;une multitude d&#8217;id\u00e9es p\u00e9rim\u00e9es, malgr\u00e9 toute la v\u00e9n\u00e9ration port\u00e9e \u00e0 leur initiateurs (&#8230;) Il convient d&#8217;abattre certaines constructions qui constituent notre h\u00e9ritage culturel. Si confortable que puisse \u00eatre le respectueux conformisme, il est rarement de bon conseil, c&#8217;est souvent un oreiller de paresse qui encourage \u00e0 fermer les yeux sur les p\u00e9rils \u00e0 venir\u00a0\u00bb1 Il en est de la nature, comme il en est de l&#8217;histoire, personne ne peut, \u00e0 propos, quelle que soit la finesse de l&#8217;\u00e9rudition manifest\u00e9e, pr\u00e9tendre dire ou avoir le dernier mot. Il faut pourtant oser penser, oser bousculer les certitudes \u00e9tablies, pour susciter quelques pistes nouvelles de r\u00e9flexion. Cela s&#8217;impose, surtout dans le contexte historique actuel qui, plus que les pr\u00e9c\u00e9dents, reste domin\u00e9 par une acc\u00e9l\u00e9ration incessante du temps, un temps pluriel, contradictoire, dont certains disent qu&#8217;il est, tout simplement, celui de l&#8217;introuvable humanit\u00e9 de l&#8217;homme. Tout porte \u00e0 croire que l&#8217;homme se voit ainsi trahi par sa propre intelligence. Ce ne sont pas des faits qui manqueraient pour conforter un tel pessimisme, pour penser cette mont\u00e9e perdurante de l&#8217;insignifiance.<\/p>\n<p>&nbsp;<\/p>\n<h4 class=\"field-auteur\">Bowao, Charles Zacharie<\/h4>\n<p>ISBN\u00a0: 0850-3907<\/p>\n<p>CODESRIA 2000<\/p>\n","protected":false},"excerpt":{"rendered":"<p>maire \u00ab\u00a0La culture n&#8217;est pas un patrimoine qui gonfle au cours du temps. (&#8230;) Les acquis du pr\u00e9sent et du pass\u00e9 ne peuvent supporter d&#8217;incompatibilit\u00e9 lorsqu&#8217;ils participent \u00e0 un assemblage<\/p>\n","protected":false},"featured_media":1609,"template":"","meta":[],"product_cat":[16],"product_tag":[],"class_list":{"0":"post-1623","1":"product","2":"type-product","3":"status-publish","4":"has-post-thumbnail","6":"product_cat-uncategorised","8":"first","9":"instock","10":"shipping-taxable","11":"purchasable","12":"product-type-simple"},"_links":{"self":[{"href":"https:\/\/bookshop.codesria.org\/index.php\/wp-json\/wp\/v2\/product\/1623","targetHints":{"allow":["GET"]}}],"collection":[{"href":"https:\/\/bookshop.codesria.org\/index.php\/wp-json\/wp\/v2\/product"}],"about":[{"href":"https:\/\/bookshop.codesria.org\/index.php\/wp-json\/wp\/v2\/types\/product"}],"wp:featuredmedia":[{"embeddable":true,"href":"https:\/\/bookshop.codesria.org\/index.php\/wp-json\/wp\/v2\/media\/1609"}],"wp:attachment":[{"href":"https:\/\/bookshop.codesria.org\/index.php\/wp-json\/wp\/v2\/media?parent=1623"}],"wp:term":[{"taxonomy":"product_cat","embeddable":true,"href":"https:\/\/bookshop.codesria.org\/index.php\/wp-json\/wp\/v2\/product_cat?post=1623"},{"taxonomy":"product_tag","embeddable":true,"href":"https:\/\/bookshop.codesria.org\/index.php\/wp-json\/wp\/v2\/product_tag?post=1623"}],"curies":[{"name":"wp","href":"https:\/\/api.w.org\/{rel}","templated":true}]}}