{"id":1626,"date":"2021-10-09T12:16:39","date_gmt":"2021-10-09T12:16:39","guid":{"rendered":"https:\/\/bookshop.codesria.org\/?post_type=product&#038;p=1626"},"modified":"2024-09-27T11:37:47","modified_gmt":"2024-09-27T11:37:47","slug":"les-jeunes-la-violence-et-la-rue-en-kinshasa-entendre-comprendre-decrire","status":"publish","type":"product","link":"https:\/\/bookshop.codesria.org\/index.php\/product\/les-jeunes-la-violence-et-la-rue-en-kinshasa-entendre-comprendre-decrire\/","title":{"rendered":"Les jeunes, la violence et la rue en Kinshasa: entendre, comprendre, d\u00e9crire (Printed)"},"content":{"rendered":"<p>Le mouvement za\u00efrois de d\u00e9mocratisation, n\u00e9 le 24 avril 1990, a mis \u00e0 nu la violence politique dans la ville de Kinshasa. Le vide juridique et les divers conflits de pouvoir qui s&#8217;en sont suivis ont donn\u00e9 libre cours \u00e0 toutes les autres formes l\u00e9gales et ill\u00e9gales de violence qu&#8217;ils ont simultan\u00e9ment permises. Les pillages des magasins et des \u00e9tablissements industriels de 1991 et 1993, le massacre des chr\u00e9tiens de f\u00e9vrier 1992, les r\u00e8glements de compte du peuple contre les membres de la jeunesse du d\u00e9funt parti-\u00c9tat (JMPR), les bagarres rang\u00e9es entre la garde civile et les partisans, la \u00ab\u00a0nuit des longs couteaux\u00a0\u00bb de la Division sp\u00e9ciale pr\u00e9sidentielle (DSP), contre les militaires pseudo-mutins, tous ces incidents ont \u00e9tendu \u00e0 la sc\u00e8ne urbaine la sph\u00e8re de la violence qui \u00e9tait jusqu&#8217;\u00e0 cette date contenue dans les prisons politiques et cellules des services de s\u00e9curit\u00e9. Cette violence brute et nue, nagu\u00e8re latente, est devenue fondatrice et r\u00e9gulatrice du pouvoir dictatorial lui-m\u00eame et de son exercice pour sa propre reproduction. Elle constitue une composante non moins importante de la culture de la rue \u00e0 Kinshasa, la capitale du pays.<\/p>\n<p>&nbsp;<\/p>\n<h4>Tshikala K. Biaya<\/h4>\n<p>&nbsp;<\/p>\n<p>ISBN\u00a0: 0850-3907<\/p>\n<p>CODESRIA 2000<\/p>\n","protected":false},"excerpt":{"rendered":"<p>Le mouvement za\u00efrois de d\u00e9mocratisation, n\u00e9 le 24 avril 1990, a mis \u00e0 nu la violence politique dans la ville de Kinshasa. Le vide juridique et les divers conflits de<\/p>\n","protected":false},"featured_media":3528,"template":"","meta":[],"product_cat":[54],"product_tag":[391],"class_list":{"0":"post-1626","1":"product","2":"type-product","3":"status-publish","4":"has-post-thumbnail","6":"product_cat-codesria-books","7":"product_tag-jeunesviolenceruekinshasa","9":"first","10":"instock","11":"shipping-taxable","12":"purchasable","13":"product-type-simple"},"_links":{"self":[{"href":"https:\/\/bookshop.codesria.org\/index.php\/wp-json\/wp\/v2\/product\/1626","targetHints":{"allow":["GET"]}}],"collection":[{"href":"https:\/\/bookshop.codesria.org\/index.php\/wp-json\/wp\/v2\/product"}],"about":[{"href":"https:\/\/bookshop.codesria.org\/index.php\/wp-json\/wp\/v2\/types\/product"}],"wp:featuredmedia":[{"embeddable":true,"href":"https:\/\/bookshop.codesria.org\/index.php\/wp-json\/wp\/v2\/media\/3528"}],"wp:attachment":[{"href":"https:\/\/bookshop.codesria.org\/index.php\/wp-json\/wp\/v2\/media?parent=1626"}],"wp:term":[{"taxonomy":"product_cat","embeddable":true,"href":"https:\/\/bookshop.codesria.org\/index.php\/wp-json\/wp\/v2\/product_cat?post=1626"},{"taxonomy":"product_tag","embeddable":true,"href":"https:\/\/bookshop.codesria.org\/index.php\/wp-json\/wp\/v2\/product_tag?post=1626"}],"curies":[{"name":"wp","href":"https:\/\/api.w.org\/{rel}","templated":true}]}}