{"id":1629,"date":"2021-10-09T13:12:21","date_gmt":"2021-10-09T13:12:21","guid":{"rendered":"https:\/\/bookshop.codesria.org\/?post_type=product&#038;p=1629"},"modified":"2024-09-27T11:35:58","modified_gmt":"2024-09-27T11:35:58","slug":"lavenir-de-la-zone-franc-perspectives-africaines","status":"publish","type":"product","link":"https:\/\/bookshop.codesria.org\/index.php\/product\/lavenir-de-la-zone-franc-perspectives-africaines\/","title":{"rendered":"L&#8217;avenir de la zone franc : Perspectives africaines (Printed)"},"content":{"rendered":"<p>La question de l&#8217;avenir du Franc CFA constitue un sujet de pr\u00e9occupation pour les responsables politiques, les d\u00e9cideurs \u00e9conomiques ainsi que les universitaires. La d\u00e9valuation de 1994 a \u00e9t\u00e9 \u00e0 l&#8217;origine d&#8217;une grande inqui\u00e9tude sur la capacit\u00e9 de cette zone \u00e0 faire face aux mutations \u00e9conomiques et \u00e0 maintenir son rattachement au franc fran\u00e7ais. L&#8217;av\u00e8nement de l&#8217;Euro a \u00e9t\u00e9 un nouveau motif d&#8217;inqui\u00e9tude sur les perspectives d&#8217;avenir du Franc CFA. Certes, l&#8217;Europe a ent\u00e9rin\u00e9 le rattachement du franc CFA \u00e0 la monnaie commune. Cependant, des questionnements subsistent sur l&#8217;avenir du Franc CFA et d&#8217;une mani\u00e8re g\u00e9n\u00e9rale celui des monnaies nationales en Afrique dans un contexte de globalisation. Cet ouvrage regroupe une s\u00e9rie de communications pr\u00e9sent\u00e9es par des sp\u00e9cialistes africains lors d&#8217;un important symposium organis\u00e9 par le Codesria sur l&#8217;avenir du Franc CFA et des monnaies africaines.<\/p>\n<p>&nbsp;<\/p>\n<p><strong>Hakim Ben Hammouda &amp; Moustapha Kass\u00e9<\/strong><\/p>\n<p>&nbsp;<\/p>\n<p>ISBN\u00a0: 2-84586-184-2<\/p>\n<p>CODESRIA 2001<\/p>\n","protected":false},"excerpt":{"rendered":"<p>La question de l&#8217;avenir du Franc CFA constitue un sujet de pr\u00e9occupation pour les responsables politiques, les d\u00e9cideurs \u00e9conomiques ainsi que les universitaires. La d\u00e9valuation de 1994 a \u00e9t\u00e9 \u00e0<\/p>\n","protected":false},"featured_media":3524,"template":"","meta":[],"product_cat":[54],"product_tag":[393],"class_list":{"0":"post-1629","1":"product","2":"type-product","3":"status-publish","4":"has-post-thumbnail","6":"product_cat-codesria-books","7":"product_tag-avenir-zone-franc","9":"first","10":"instock","11":"shipping-taxable","12":"purchasable","13":"product-type-simple"},"_links":{"self":[{"href":"https:\/\/bookshop.codesria.org\/index.php\/wp-json\/wp\/v2\/product\/1629","targetHints":{"allow":["GET"]}}],"collection":[{"href":"https:\/\/bookshop.codesria.org\/index.php\/wp-json\/wp\/v2\/product"}],"about":[{"href":"https:\/\/bookshop.codesria.org\/index.php\/wp-json\/wp\/v2\/types\/product"}],"wp:featuredmedia":[{"embeddable":true,"href":"https:\/\/bookshop.codesria.org\/index.php\/wp-json\/wp\/v2\/media\/3524"}],"wp:attachment":[{"href":"https:\/\/bookshop.codesria.org\/index.php\/wp-json\/wp\/v2\/media?parent=1629"}],"wp:term":[{"taxonomy":"product_cat","embeddable":true,"href":"https:\/\/bookshop.codesria.org\/index.php\/wp-json\/wp\/v2\/product_cat?post=1629"},{"taxonomy":"product_tag","embeddable":true,"href":"https:\/\/bookshop.codesria.org\/index.php\/wp-json\/wp\/v2\/product_tag?post=1629"}],"curies":[{"name":"wp","href":"https:\/\/api.w.org\/{rel}","templated":true}]}}