{"id":1670,"date":"2021-10-26T13:39:55","date_gmt":"2021-10-26T13:39:55","guid":{"rendered":"https:\/\/bookshop.codesria.org\/?post_type=product&#038;p=1670"},"modified":"2024-09-27T11:18:59","modified_gmt":"2024-09-27T11:18:59","slug":"socio-economie-des-grands-fleuves-africains","status":"publish","type":"product","link":"https:\/\/bookshop.codesria.org\/index.php\/product\/socio-economie-des-grands-fleuves-africains\/","title":{"rendered":"Socio-\u00e9conomie des grands fleuves africains (Printed)"},"content":{"rendered":"<p>Un fleuve n&#8217;est pas qu&#8217;un simple cours d&#8217;eau. C&#8217;est un syst\u00e8me dont le fonctionnement d\u00e9termine l&#8217;\u00e9quilibre de l&#8217;ensemble du milieu o\u00f9 il se trouve. \u00ab A river is much more than water flowing to the sea. Its ever-shifting bed and banks and the groundwater below of its floodplain can be seen as part of a river &#8211; and the river as part of them. A river carries downhill not just water, but just as important sediments, dissolved minerals, and the nutrient-rich detritus of plants and animals, both dead and alive \u00bb (Worster 1985). Dans ces conditions, Worster estime que, parfois, la notion de \u00ab waterscape \u00bb (paysage d&#8217;eau) serait plus correcte que celle de landscape (paysage de terre). La diff\u00e9rence en anglais est importante, car elle souligne des d\u00e9tails de g\u00e9ographie physique, mais dans les langues latines et bantoues elle ne se pose pas car, dans ces aires culturelles, il n&#8217;y a pas de distinction entre les deux composantes. La notion d&#8217;hydrosyst\u00e8me fluvial se rapporte \u00e0 l&#8217;ensemble des biotopes et des bioc\u00e9noses d&#8217;eau courante, d&#8217;eau stagnante, semi-aquatique et terrestre, aussi bien superficielle que souterraine, \u00e9tablis dans la plaine pluviale et dont le fonctionnement d\u00e9pend directement ou indirectement du cours actif du fleuve (L\u00e9v\u00eaque 1996).<\/p>\n<p><strong>\u00a0<\/strong><\/p>\n<p><strong>\u00a0Jos\u00e9 Gon\u00e7alves<\/strong><\/p>\n<p><strong>\u00a0<\/strong><\/p>\n<p><strong>ISBN\u00a0: 0850-2633<\/strong><\/p>\n<p><strong>CODESRIA 2001<\/strong><\/p>\n","protected":false},"excerpt":{"rendered":"<p>Un fleuve n&#8217;est pas qu&#8217;un simple cours d&#8217;eau. C&#8217;est un syst\u00e8me dont le fonctionnement d\u00e9termine l&#8217;\u00e9quilibre de l&#8217;ensemble du milieu o\u00f9 il se trouve. \u00ab A river is much more<\/p>\n","protected":false},"featured_media":3514,"template":"","meta":[],"product_cat":[54,379],"product_tag":[408,407,406,405],"class_list":{"0":"post-1670","1":"product","2":"type-product","3":"status-publish","4":"has-post-thumbnail","6":"product_cat-codesria-books","7":"product_cat-green-book","8":"product_tag-africains","9":"product_tag-fleuves","10":"product_tag-grands","11":"product_tag-socio-economie","13":"first","14":"instock","15":"shipping-taxable","16":"purchasable","17":"product-type-simple"},"_links":{"self":[{"href":"https:\/\/bookshop.codesria.org\/index.php\/wp-json\/wp\/v2\/product\/1670","targetHints":{"allow":["GET"]}}],"collection":[{"href":"https:\/\/bookshop.codesria.org\/index.php\/wp-json\/wp\/v2\/product"}],"about":[{"href":"https:\/\/bookshop.codesria.org\/index.php\/wp-json\/wp\/v2\/types\/product"}],"wp:featuredmedia":[{"embeddable":true,"href":"https:\/\/bookshop.codesria.org\/index.php\/wp-json\/wp\/v2\/media\/3514"}],"wp:attachment":[{"href":"https:\/\/bookshop.codesria.org\/index.php\/wp-json\/wp\/v2\/media?parent=1670"}],"wp:term":[{"taxonomy":"product_cat","embeddable":true,"href":"https:\/\/bookshop.codesria.org\/index.php\/wp-json\/wp\/v2\/product_cat?post=1670"},{"taxonomy":"product_tag","embeddable":true,"href":"https:\/\/bookshop.codesria.org\/index.php\/wp-json\/wp\/v2\/product_tag?post=1670"}],"curies":[{"name":"wp","href":"https:\/\/api.w.org\/{rel}","templated":true}]}}