{"id":1676,"date":"2021-10-26T15:30:33","date_gmt":"2021-10-26T15:30:33","guid":{"rendered":"https:\/\/bookshop.codesria.org\/?post_type=product&#038;p=1676"},"modified":"2024-09-27T11:00:12","modified_gmt":"2024-09-27T11:00:12","slug":"les-relations-internationales-africaines-entre-etats-en-crise-et-flux-transnationaux","status":"publish","type":"product","link":"https:\/\/bookshop.codesria.org\/index.php\/product\/les-relations-internationales-africaines-entre-etats-en-crise-et-flux-transnationaux\/","title":{"rendered":"Les relations internationales africaines: entre Etats en crise et flux Transnationaux (Printed)"},"content":{"rendered":"<p>La dimension holiste des concepts de \u00ab\u00a0syst\u00e8me\u00a0\u00bb et de \u00ab\u00a0structure\u00a0\u00bb ne permet pas de proc\u00e9der \u00e0 une analyse relationnelle entre la \u00ab\u00a0totalit\u00e9\u00a0\u00bb et les \u00ab\u00a0parties\u00a0\u00bb comme s&#8217;il s&#8217;agissait des \u00ab\u00a0r\u00e9alit\u00e9s\u00a0\u00bb ind\u00e9pendantes les unes des autres. Alors que la tradition r\u00e9aliste privil\u00e9gie les propri\u00e9t\u00e9s structurelles, le mod\u00e8le de la configuration permet de rendre compte des relations internationales africaines en prenant au s\u00e9rieux l&#8217;action des joueurs et les interactions qui les unissent; alors que les concepts de \u00ab\u00a0syst\u00e8me\u00a0\u00bb et de \u00ab\u00a0structure\u00a0\u00bb invitent \u00e0 la macrosociologie, le mod\u00e8le de la configuration implique un va-et-vient incessant entre la microsociologie et la macrosociologie. C&#8217;est une \u00e9pist\u00e9mologie du juste milieu ou du m\u00e9tissage. Il n&#8217;y a pas de relations internationales africaines possibles sans \u00ab\u00a0syst\u00e8me\u00a0\u00bb, ni \u00ab\u00a0structure\u00a0\u00bb; toutefois, sur le plan m\u00e9thodologique, il faut se garder de privil\u00e9gier uniquement le macro comme niveau d&#8217;observation, comme domaine de pertinence.<\/p>\n<p>&nbsp;<\/p>\n<p><strong>ISBN\u00a0: 0850-2633<\/strong><\/p>\n<p><strong>CODESRIA 2002<\/strong><\/p>\n","protected":false},"excerpt":{"rendered":"<p>La dimension holiste des concepts de \u00ab\u00a0syst\u00e8me\u00a0\u00bb et de \u00ab\u00a0structure\u00a0\u00bb ne permet pas de proc\u00e9der \u00e0 une analyse relationnelle entre la \u00ab\u00a0totalit\u00e9\u00a0\u00bb et les \u00ab\u00a0parties\u00a0\u00bb comme s&#8217;il s&#8217;agissait des \u00ab\u00a0r\u00e9alit\u00e9s\u00a0\u00bb<\/p>\n","protected":false},"featured_media":3502,"template":"","meta":[],"product_cat":[54,379],"product_tag":[206,416,415,417],"class_list":{"0":"post-1676","1":"product","2":"type-product","3":"status-publish","4":"has-post-thumbnail","6":"product_cat-codesria-books","7":"product_cat-green-book","8":"product_tag-africaine","9":"product_tag-internationales","10":"product_tag-relations","11":"product_tag-transnationaux","13":"first","14":"instock","15":"purchasable","16":"product-type-simple"},"_links":{"self":[{"href":"https:\/\/bookshop.codesria.org\/index.php\/wp-json\/wp\/v2\/product\/1676","targetHints":{"allow":["GET"]}}],"collection":[{"href":"https:\/\/bookshop.codesria.org\/index.php\/wp-json\/wp\/v2\/product"}],"about":[{"href":"https:\/\/bookshop.codesria.org\/index.php\/wp-json\/wp\/v2\/types\/product"}],"wp:featuredmedia":[{"embeddable":true,"href":"https:\/\/bookshop.codesria.org\/index.php\/wp-json\/wp\/v2\/media\/3502"}],"wp:attachment":[{"href":"https:\/\/bookshop.codesria.org\/index.php\/wp-json\/wp\/v2\/media?parent=1676"}],"wp:term":[{"taxonomy":"product_cat","embeddable":true,"href":"https:\/\/bookshop.codesria.org\/index.php\/wp-json\/wp\/v2\/product_cat?post=1676"},{"taxonomy":"product_tag","embeddable":true,"href":"https:\/\/bookshop.codesria.org\/index.php\/wp-json\/wp\/v2\/product_tag?post=1676"}],"curies":[{"name":"wp","href":"https:\/\/api.w.org\/{rel}","templated":true}]}}