{"id":1799,"date":"2022-02-24T15:19:31","date_gmt":"2022-02-24T15:19:31","guid":{"rendered":"https:\/\/bookshop.codesria.org\/?post_type=product&#038;p=1799"},"modified":"2024-09-27T11:03:49","modified_gmt":"2024-09-27T11:03:49","slug":"les-economies-reelles-en-afrique-african-real-economies","status":"publish","type":"product","link":"https:\/\/bookshop.codesria.org\/index.php\/product\/les-economies-reelles-en-afrique-african-real-economies\/","title":{"rendered":"Les \u00e9conomies r\u00e9elles en Afrique\/African Real Economies (Printed)"},"content":{"rendered":"<p>&nbsp;<\/p>\n<p>Ce livre, riche en donn\u00e9es empiriques tir\u00e9es du Cameroun, du Nigeria, du S\u00e9n\u00e9gal et de la r\u00e9gion de l\u2019Oc\u00e9an Indien, interroge les mod\u00e8les \u00e9conomiques \u00e9troitement fond\u00e9s sur des indicateurs statistiques, des dichotomies et des dualismes, qui sont habituellement des caricatures et des fausses repr\u00e9sentations des r\u00e9alit\u00e9s \u00e9conomiques de l\u2019Afrique. Il r\u00e9v\u00e8le que dans les pays africains, l\u2019extr\u00eame pauvret\u00e9 v\u00e9cue par les populations, fait de l\u2019in\u00e9galit\u00e9, de l\u2019injustice, de l\u2019inefficacit\u00e9 et du n\u00e9potisme les principaux ferments de la subversion. Les performances uniquement statistiques des r\u00e9sultats \u00e9conomiques ne peuvent suffire ni \u00e0 d\u00e9terminer le niveau de bien-\u00eatre des populations, ni \u00e0 comparer de mani\u00e8re r\u00e9aliste la richesse des diff\u00e9rents pays. Le livre d\u00e9montre l\u2019urgence de d\u00e9velopper de nouvelles perspectives d\u2019\u00e9tude sur les \u00e9conomies africaines, qui privil\u00e9gieraient leur non-conformisme comme cadre d\u2019analyse en soi.<\/p>\n<p>&nbsp;<\/p>\n<p>&nbsp;<\/p>\n<p><strong>Georges Kobou<\/strong><\/p>\n<p>&nbsp;<\/p>\n<p>CODESRIA, 2003, 332 p.,<\/p>\n<p>ISBN : 2-86978-126-1<\/p>\n","protected":false},"excerpt":{"rendered":"<p>&nbsp; Ce livre, riche en donn\u00e9es empiriques tir\u00e9es du Cameroun, du Nigeria, du S\u00e9n\u00e9gal et de la r\u00e9gion de l\u2019Oc\u00e9an Indien, interroge les mod\u00e8les \u00e9conomiques \u00e9troitement fond\u00e9s sur des indicateurs<\/p>\n","protected":false},"featured_media":3508,"template":"","meta":[],"product_cat":[54],"product_tag":[],"class_list":{"0":"post-1799","1":"product","2":"type-product","3":"status-publish","4":"has-post-thumbnail","6":"product_cat-codesria-books","8":"first","9":"instock","10":"shipping-taxable","11":"purchasable","12":"product-type-simple"},"_links":{"self":[{"href":"https:\/\/bookshop.codesria.org\/index.php\/wp-json\/wp\/v2\/product\/1799","targetHints":{"allow":["GET"]}}],"collection":[{"href":"https:\/\/bookshop.codesria.org\/index.php\/wp-json\/wp\/v2\/product"}],"about":[{"href":"https:\/\/bookshop.codesria.org\/index.php\/wp-json\/wp\/v2\/types\/product"}],"wp:featuredmedia":[{"embeddable":true,"href":"https:\/\/bookshop.codesria.org\/index.php\/wp-json\/wp\/v2\/media\/3508"}],"wp:attachment":[{"href":"https:\/\/bookshop.codesria.org\/index.php\/wp-json\/wp\/v2\/media?parent=1799"}],"wp:term":[{"taxonomy":"product_cat","embeddable":true,"href":"https:\/\/bookshop.codesria.org\/index.php\/wp-json\/wp\/v2\/product_cat?post=1799"},{"taxonomy":"product_tag","embeddable":true,"href":"https:\/\/bookshop.codesria.org\/index.php\/wp-json\/wp\/v2\/product_tag?post=1799"}],"curies":[{"name":"wp","href":"https:\/\/api.w.org\/{rel}","templated":true}]}}