{"id":1801,"date":"2022-02-24T16:19:35","date_gmt":"2022-02-24T16:19:35","guid":{"rendered":"https:\/\/bookshop.codesria.org\/?post_type=product&#038;p=1801"},"modified":"2024-09-27T10:45:40","modified_gmt":"2024-09-27T10:45:40","slug":"intellectuels-non-europhones","status":"publish","type":"product","link":"https:\/\/bookshop.codesria.org\/index.php\/product\/intellectuels-non-europhones\/","title":{"rendered":"Intellectuels non europhones (Printed)"},"content":{"rendered":"<p>&nbsp;<\/p>\n<p>L&#8217;auteur fait le point sur l&#8217;\u00e9tat d&#8217;avancement de la recherche sur la biblioth\u00e8que islamique afin de mettre en \u00e9vidence l&#8217;existence en Afrique sub-saharienne d&#8217;un nombre substantiel d&#8217;intellectuels ayant \u00e9crit en langue arabe ou en langues africaines avec des caract\u00e8res arabes. La biblioth\u00e8que islamique africaine est constitu\u00e9e de t\u00e9moignages d&#8217;auteurs arabes sur l&#8217;Afrique remontant \u00e0 la p\u00e9riode m\u00e9di\u00e9vale, d&#8217;ouvrages classiques sur le savoir islamique \u00e9crits par des auteurs arabes mais en circulation en Afrique, et enfin de textes produits par des auteurs africains. Une partie importante de cette biblioth\u00e8que islamique est constitu\u00e9e de manuscrits sur la collecte desquels l&#8217;auteur consacre une partie importante de ce travail. Il aborde \u00e9galement les r\u00e9seaux de formation d&#8217;intellectuels dans la tradition africaine, ainsi que le syst\u00e8me de symboles par lesquels ces intellectuels ont critiqu\u00e9 l&#8217;ordre politique et social africain et cherch\u00e9 avec succ\u00e8s pendant la p\u00e9riode pr\u00e9coloniale, \u00e0 mobiliser des soutiens dans la soci\u00e9t\u00e9 plus large en vue de transformer cet ordre.<\/p>\n<p>&nbsp;<\/p>\n<p><strong>\u00a0<\/strong><\/p>\n<p><strong>Ousmane Kane\u00a0<\/strong><\/p>\n<p><strong>ISBN\u00a0: 978-2-86978-506-9<\/strong><\/p>\n<p><strong>CODESRIA 2003<\/strong><\/p>\n<p>&nbsp;<\/p>\n","protected":false},"excerpt":{"rendered":"<p>&nbsp; L&#8217;auteur fait le point sur l&#8217;\u00e9tat d&#8217;avancement de la recherche sur la biblioth\u00e8que islamique afin de mettre en \u00e9vidence l&#8217;existence en Afrique sub-saharienne d&#8217;un nombre substantiel d&#8217;intellectuels ayant \u00e9crit<\/p>\n","protected":false},"featured_media":3486,"template":"","meta":[],"product_cat":[54],"product_tag":[],"class_list":{"0":"post-1801","1":"product","2":"type-product","3":"status-publish","4":"has-post-thumbnail","6":"product_cat-codesria-books","8":"first","9":"instock","10":"shipping-taxable","11":"purchasable","12":"product-type-simple"},"_links":{"self":[{"href":"https:\/\/bookshop.codesria.org\/index.php\/wp-json\/wp\/v2\/product\/1801","targetHints":{"allow":["GET"]}}],"collection":[{"href":"https:\/\/bookshop.codesria.org\/index.php\/wp-json\/wp\/v2\/product"}],"about":[{"href":"https:\/\/bookshop.codesria.org\/index.php\/wp-json\/wp\/v2\/types\/product"}],"wp:featuredmedia":[{"embeddable":true,"href":"https:\/\/bookshop.codesria.org\/index.php\/wp-json\/wp\/v2\/media\/3486"}],"wp:attachment":[{"href":"https:\/\/bookshop.codesria.org\/index.php\/wp-json\/wp\/v2\/media?parent=1801"}],"wp:term":[{"taxonomy":"product_cat","embeddable":true,"href":"https:\/\/bookshop.codesria.org\/index.php\/wp-json\/wp\/v2\/product_cat?post=1801"},{"taxonomy":"product_tag","embeddable":true,"href":"https:\/\/bookshop.codesria.org\/index.php\/wp-json\/wp\/v2\/product_tag?post=1801"}],"curies":[{"name":"wp","href":"https:\/\/api.w.org\/{rel}","templated":true}]}}