{"id":1812,"date":"2022-03-01T11:16:29","date_gmt":"2022-03-01T11:16:29","guid":{"rendered":"https:\/\/bookshop.codesria.org\/?post_type=product&#038;p=1812"},"modified":"2024-09-27T10:33:43","modified_gmt":"2024-09-27T10:33:43","slug":"repenser-bretton-woods-reponses-africaines","status":"publish","type":"product","link":"https:\/\/bookshop.codesria.org\/index.php\/product\/repenser-bretton-woods-reponses-africaines\/","title":{"rendered":"Repenser Bretton Woods &#8211; R\u00e9ponses africaines (Printed)"},"content":{"rendered":"<p>L&#8217;exp\u00e9rience de modernisation de l&#8217;Afrique a \u00e9t\u00e9 largement appuy\u00e9e dans la p\u00e9riode postcoloniale par les institutions de Bretton Woods. Ces exp\u00e9riences vont conna\u00eetre un \u00e9chec d\u00e8s le d\u00e9but des ann\u00e9es 80 avec la crise de la dette et la baisse vertigineuse des cours des mati\u00e8res premi\u00e8res export\u00e9es par les pays africains. Les institutions de Bretton Woods vont jouer un r\u00f4le actif dans la mise en place des programmes d&#8217;ajustement structurel qui auront pour objectif de r\u00e9duire les d\u00e9ficits internes et externes et de relancer la croissance en Afrique. Plus de deux d\u00e9cennies apr\u00e8s leur application, le bilan des r\u00e9formes initi\u00e9es par les institutions de Bretton Woods sur le continent est d\u00e9cevant. En m\u00eame temps, la crise asiatique et les turbulences financi\u00e8res internationales ont ouvert un d\u00e9bat sur la refonte du syst\u00e8me financier international. Ce d\u00e9bat a suscit\u00e9 une pluralit\u00e9 de contributions provenant d&#8217;universitaires, d&#8217;experts, d&#8217;ONG ou de gouvernements, en vue de d\u00e9finir une nouvelle gouvernance internationale plus efficace et plus ouverte aux pr\u00e9occupations des pays en voie de d\u00e9veloppement. L&#8217;Afrique est rest\u00e9e absente et marginalis\u00e9e dans ce d\u00e9bat. Cet ouvrage constitue un apport africain \u00e0 la discussion sur la gouvernance mondiale, bas\u00e9 sur les contributions d&#8217;\u00e9conomistes africains pr\u00e9sent\u00e9es lors d&#8217;une rencontre international organis\u00e9 par le Codesria pour r\u00e9fl\u00e9chir \u00e0 l&#8217;avenir des institutions de Bretton Woods \u00e0 partir de l&#8217;Afrique.<\/p>\n<p>&nbsp;<\/p>\n<p>&nbsp;<\/p>\n<p><strong>Hakim Ben Hamouda\u00a0 &amp; Moustapha Kass\u00e9<\/strong><\/p>\n<p>&nbsp;<\/p>\n<p>&nbsp;<\/p>\n<p><strong>ISBN\u00a0: 2-84586-193-1<\/strong><\/p>\n<p><strong>CODESRIA 2003<\/strong><\/p>\n<p>&nbsp;<\/p>\n","protected":false},"excerpt":{"rendered":"<p>L&#8217;exp\u00e9rience de modernisation de l&#8217;Afrique a \u00e9t\u00e9 largement appuy\u00e9e dans la p\u00e9riode postcoloniale par les institutions de Bretton Woods. Ces exp\u00e9riences vont conna\u00eetre un \u00e9chec d\u00e8s le d\u00e9but des ann\u00e9es<\/p>\n","protected":false},"featured_media":3483,"template":"","meta":[],"product_cat":[54],"product_tag":[206,80,426,427],"class_list":{"0":"post-1812","1":"product","2":"type-product","3":"status-publish","4":"has-post-thumbnail","6":"product_cat-codesria-books","7":"product_tag-africaine","8":"product_tag-afrique","9":"product_tag-bretton","10":"product_tag-woods","12":"first","13":"instock","14":"shipping-taxable","15":"purchasable","16":"product-type-simple"},"_links":{"self":[{"href":"https:\/\/bookshop.codesria.org\/index.php\/wp-json\/wp\/v2\/product\/1812","targetHints":{"allow":["GET"]}}],"collection":[{"href":"https:\/\/bookshop.codesria.org\/index.php\/wp-json\/wp\/v2\/product"}],"about":[{"href":"https:\/\/bookshop.codesria.org\/index.php\/wp-json\/wp\/v2\/types\/product"}],"wp:featuredmedia":[{"embeddable":true,"href":"https:\/\/bookshop.codesria.org\/index.php\/wp-json\/wp\/v2\/media\/3483"}],"wp:attachment":[{"href":"https:\/\/bookshop.codesria.org\/index.php\/wp-json\/wp\/v2\/media?parent=1812"}],"wp:term":[{"taxonomy":"product_cat","embeddable":true,"href":"https:\/\/bookshop.codesria.org\/index.php\/wp-json\/wp\/v2\/product_cat?post=1812"},{"taxonomy":"product_tag","embeddable":true,"href":"https:\/\/bookshop.codesria.org\/index.php\/wp-json\/wp\/v2\/product_tag?post=1812"}],"curies":[{"name":"wp","href":"https:\/\/api.w.org\/{rel}","templated":true}]}}