{"id":1814,"date":"2022-03-01T13:02:20","date_gmt":"2022-03-01T13:02:20","guid":{"rendered":"https:\/\/bookshop.codesria.org\/?post_type=product&#038;p=1814"},"modified":"2024-09-27T10:32:16","modified_gmt":"2024-09-27T10:32:16","slug":"technologies-de-linformation-et-de-la-communication-pour-le-developpement-en-afrique-vol-1-potentialites-et-defis-pour-le-developpement-communautaire","status":"publish","type":"product","link":"https:\/\/bookshop.codesria.org\/index.php\/product\/technologies-de-linformation-et-de-la-communication-pour-le-developpement-en-afrique-vol-1-potentialites-et-defis-pour-le-developpement-communautaire\/","title":{"rendered":"Technologies de l&#8217;Information et de la Communication pour le d\u00e9veloppement en Afrique &#8211; Vol. 1: Potentialit\u00e9s et d\u00e9fis pour le d\u00e9veloppement communautaire (Printed)"},"content":{"rendered":"<p>Depuis 1997, le programme Acacia du CRDI stimule l&#8217;utilisation et l&#8217;appropriation des technologies de l&#8217;information et de la communication par les communaut\u00e9s d&#8217;Afrique sub-saharienne afin de leur permettre de trouver des voies alternatives vers le d\u00e9veloppement socio-\u00e9conomique. Apr\u00e8s huit ann\u00e9es d&#8217;activit\u00e9s, Acacia tire les premi\u00e8res le\u00e7ons de ce travail en publiant, en trois volumes, le fruit de ses recherches sur les technologies de l&#8217;information et de la communication pour le d\u00e9veloppement en Afrique. Le premier titre de cette collection repose sur une s\u00e9rie d&#8217;\u00e9tudes analysant plusieurs exp\u00e9riences concr\u00e8tes d&#8217;adoption et d&#8217;utilisation communautaire des technologies de l&#8217;information et de la communication (TIC) dans des contextes g\u00e9ographiques, technologiques, socio\u00e9conomiques, culturels et institutionnels fort divers. Il explore la question de la participation et des r\u00e9actions communautaires, ainsi que les changements provoqu\u00e9s par l&#8217;introduction des TIC au sein de diverses communaut\u00e9s d&#8217;Afrique. Cette analyse m\u00e9ticuleuse met ensuite en \u00e9vidence les opportunit\u00e9s et les d\u00e9fis \u00e9mergeant au cours de ces processus d&#8217;application des TIC, afin de proposer des \u00e9l\u00e9ments de r\u00e9ponse aux pr\u00e9occupations d&#8217;institutions ou de d\u00e9cideurs d\u00e9sireux de programmer et de d\u00e9velopper des \u00ab projets TIC \u00bb dans des milieux d\u00e9favoris\u00e9s. Ce premier volume se veut ainsi une source d&#8217;apprentissage, tant pour la communaut\u00e9 des chercheurs que pour les d\u00e9cideurs et les organismes de d\u00e9veloppement int\u00e9ress\u00e9s par cette probl\u00e9matique.<\/p>\n<p>&nbsp;<\/p>\n<p>&nbsp;<\/p>\n<p><strong>ISBN\u00a0: 2-86978-114-8<\/strong><\/p>\n<p><strong>CODESRIA 2003<\/strong><\/p>\n<p>&nbsp;<\/p>\n","protected":false},"excerpt":{"rendered":"<p>Depuis 1997, le programme Acacia du CRDI stimule l&#8217;utilisation et l&#8217;appropriation des technologies de l&#8217;information et de la communication par les communaut\u00e9s d&#8217;Afrique sub-saharienne afin de leur permettre de trouver<\/p>\n","protected":false},"featured_media":3479,"template":"","meta":[],"product_cat":[54],"product_tag":[80,439,430,124,230,429,441,438,440,428,442],"class_list":{"0":"post-1814","1":"product","2":"type-product","3":"status-publish","4":"has-post-thumbnail","6":"product_cat-codesria-books","7":"product_tag-afrique","8":"product_tag-communautaire","9":"product_tag-communication","10":"product_tag-defis","11":"product_tag-developpement","12":"product_tag-information","13":"product_tag-molo","14":"product_tag-potentialites","15":"product_tag-ramata","16":"product_tag-technologies","17":"product_tag-thioune","19":"first","20":"instock","21":"shipping-taxable","22":"purchasable","23":"product-type-simple"},"_links":{"self":[{"href":"https:\/\/bookshop.codesria.org\/index.php\/wp-json\/wp\/v2\/product\/1814","targetHints":{"allow":["GET"]}}],"collection":[{"href":"https:\/\/bookshop.codesria.org\/index.php\/wp-json\/wp\/v2\/product"}],"about":[{"href":"https:\/\/bookshop.codesria.org\/index.php\/wp-json\/wp\/v2\/types\/product"}],"wp:featuredmedia":[{"embeddable":true,"href":"https:\/\/bookshop.codesria.org\/index.php\/wp-json\/wp\/v2\/media\/3479"}],"wp:attachment":[{"href":"https:\/\/bookshop.codesria.org\/index.php\/wp-json\/wp\/v2\/media?parent=1814"}],"wp:term":[{"taxonomy":"product_cat","embeddable":true,"href":"https:\/\/bookshop.codesria.org\/index.php\/wp-json\/wp\/v2\/product_cat?post=1814"},{"taxonomy":"product_tag","embeddable":true,"href":"https:\/\/bookshop.codesria.org\/index.php\/wp-json\/wp\/v2\/product_tag?post=1814"}],"curies":[{"name":"wp","href":"https:\/\/api.w.org\/{rel}","templated":true}]}}