{"id":1999,"date":"2022-04-08T00:42:07","date_gmt":"2022-04-08T00:42:07","guid":{"rendered":"https:\/\/bookshop.codesria.org\/?post_type=product&#038;p=1999"},"modified":"2024-09-26T15:35:17","modified_gmt":"2024-09-26T15:35:17","slug":"democratie-et-developpement-en-afrique-de-louest-mythe-et-realite","status":"publish","type":"product","link":"https:\/\/bookshop.codesria.org\/index.php\/product\/democratie-et-developpement-en-afrique-de-louest-mythe-et-realite\/","title":{"rendered":"D\u00e9mocratie et d\u00e9veloppement en Afrique de l&#8217;Ouest, mythe et r\u00e9alit\u00e9 (Printed)"},"content":{"rendered":"<p>Prenant \u00e0 revers le regard r\u00e9ducteur qui fait de l&#8217;Afrique un bloc en crises ou en perdition, l&#8217;ouvrage s&#8217;engage r\u00e9solument dans l&#8217;analyse de la diversit\u00e9 des exp\u00e9riences africaines de construction de l&#8217;\u00c9tat et de la nation, de mise en oeuvre de projets de d\u00e9veloppement dans un contexte marqu\u00e9 par les luttes pour l&#8217;\u00e9largissement des espaces publics. Les auteurs ont judicieusement combin\u00e9 approches th\u00e9matiques et entr\u00e9es par les acteurs, dans une perspective r\u00e9solument comparatiste. Nul doute que ces regards crois\u00e9s sur les exp\u00e9riences de d\u00e9mocratisation et de d\u00e9veloppement port\u00e9es par les mouvements sociaux en Afrique de l&#8217;Ouest, au cours des derni\u00e8res d\u00e9cennies, balisent de nouveaux horizons \u00e0 la connaissance de l&#8217;Afrique contemporaine.<\/p>\n<p><strong>\u00a0<\/strong><\/p>\n<p>Elisabeth Annan-Yao<\/p>\n<p><strong>\u00a0<\/strong><\/p>\n<p>ISBN\u00a0: 2-86978-163-6<\/p>\n<p>CODESRIA 2005<\/p>\n","protected":false},"excerpt":{"rendered":"<p>Prenant \u00e0 revers le regard r\u00e9ducteur qui fait de l&#8217;Afrique un bloc en crises ou en perdition, l&#8217;ouvrage s&#8217;engage r\u00e9solument dans l&#8217;analyse de la diversit\u00e9 des exp\u00e9riences africaines de construction<\/p>\n","protected":false},"featured_media":3414,"template":"","meta":[],"product_cat":[54],"product_tag":[],"class_list":{"0":"post-1999","1":"product","2":"type-product","3":"status-publish","4":"has-post-thumbnail","6":"product_cat-codesria-books","8":"first","9":"instock","10":"shipping-taxable","11":"purchasable","12":"product-type-simple"},"_links":{"self":[{"href":"https:\/\/bookshop.codesria.org\/index.php\/wp-json\/wp\/v2\/product\/1999","targetHints":{"allow":["GET"]}}],"collection":[{"href":"https:\/\/bookshop.codesria.org\/index.php\/wp-json\/wp\/v2\/product"}],"about":[{"href":"https:\/\/bookshop.codesria.org\/index.php\/wp-json\/wp\/v2\/types\/product"}],"wp:featuredmedia":[{"embeddable":true,"href":"https:\/\/bookshop.codesria.org\/index.php\/wp-json\/wp\/v2\/media\/3414"}],"wp:attachment":[{"href":"https:\/\/bookshop.codesria.org\/index.php\/wp-json\/wp\/v2\/media?parent=1999"}],"wp:term":[{"taxonomy":"product_cat","embeddable":true,"href":"https:\/\/bookshop.codesria.org\/index.php\/wp-json\/wp\/v2\/product_cat?post=1999"},{"taxonomy":"product_tag","embeddable":true,"href":"https:\/\/bookshop.codesria.org\/index.php\/wp-json\/wp\/v2\/product_tag?post=1999"}],"curies":[{"name":"wp","href":"https:\/\/api.w.org\/{rel}","templated":true}]}}