{"id":2024,"date":"2022-04-12T12:49:55","date_gmt":"2022-04-12T12:49:55","guid":{"rendered":"https:\/\/bookshop.codesria.org\/?post_type=product&#038;p=2024"},"modified":"2024-09-26T15:20:13","modified_gmt":"2024-09-26T15:20:13","slug":"le-quota-est-mort-vive-le-quota-ou-les-vicissitudes-de-la-reglementation-de-lexploitation-du-charbon-de-bois-au-senegal-printed","status":"publish","type":"product","link":"https:\/\/bookshop.codesria.org\/index.php\/product\/le-quota-est-mort-vive-le-quota-ou-les-vicissitudes-de-la-reglementation-de-lexploitation-du-charbon-de-bois-au-senegal-printed\/","title":{"rendered":"Le quota est mort, vive le quota! Ou les vicissitudes de la r\u00e9glementation de l&#8217;exploitation du charbon de bois au S\u00e9n\u00e9gal  (Printed)"},"content":{"rendered":"<p><strong>Le quota est mort, vive le quota! Ou les vicissitudes de la r\u00e9glementation de l&#8217;exploitation du charbon de bois au S\u00e9n\u00e9gal (Printed)<\/strong><\/p>\n<p>&nbsp;<\/p>\n<p style=\"text-align: justify\">Birago Diop nous rappelait d\u00e9j\u00e0 que \u00ab\u00a0les morts ne sont pas morts!\u00a0\u00bb Cette v\u00e9rit\u00e9 hypoth\u00e9tique est peut-\u00eatre valable pour le quota. En effet, malgr\u00e9 son \u00e9limination juridique, le quota r\u00e9siste et continue d&#8217;exister. Sa \u00ab\u00a0mort\u00a0\u00bb annonc\u00e9e tarde \u00e0 se r\u00e9aliser. La question n&#8217;est plus de savoir si le quota doit \u00ab\u00a0mourir\u00a0\u00bb. Sa \u00ab\u00a0mort\u00a0\u00bb est prononc\u00e9e comme une sentence que le \u00ab\u00a0bourreau\u00a0\u00bb n&#8217;ose pas ex\u00e9cuter. La question est plut\u00f4t de savoir combien de temps va encore durer la \u00ab\u00a0lutte contre la mort\u00a0\u00bb que le quota a engag\u00e9e. Le quota est \u00ab\u00a0mort\u00a0\u00bb juridiquement. Mais il a surv\u00e9cu dans la pratique. Aussi, le quota est-il \u00e0 l&#8217;image d&#8217;un \u00eatre \u00ab\u00a0vivant surnaturel\u00a0\u00bb. Il est n\u00e9, a v\u00e9cu, est mort et est ressuscit\u00e9. Si sa naissance a \u00e9t\u00e9 pr\u00e9cipit\u00e9e et sa vie tumultueuse, sa mort, elle, a \u00e9t\u00e9 programm\u00e9e et sa r\u00e9surrection \u00e9tait pr\u00e9visible. En fait, en 1996, le S\u00e9n\u00e9gal se dote d&#8217;un code des collectivit\u00e9s locales qui pr\u00e9voit le transfert de comp\u00e9tences de l&#8217;\u00c9tat vers les collectivit\u00e9s locales ; parmi ces comp\u00e9tences, la gestion de l&#8217;environnement et des ressources naturelles. Le code forestier de 1998 a clairement exprim\u00e9 la volont\u00e9 du l\u00e9gislateur de consacrer la d\u00e9centralisation foresti\u00e8re. C&#8217;est ainsi que le syst\u00e8me du quota devait \u00eatre supprim\u00e9 depuis le 21 f\u00e9vrier 2001. Il devait \u00eatre remplac\u00e9 par l&#8217;am\u00e9nagement qui transf\u00e8re les comp\u00e9tences de gestion de l&#8217;exploitation foresti\u00e8re aux \u00e9lus locaux. Cependant, les plans d&#8217;am\u00e9nagement ont du mal \u00e0 se concr\u00e9tiser. Si, le code forestier du S\u00e9n\u00e9gal de 1998 constitue un cadre propice pour r\u00e9aliser une d\u00e9centralisation dans le secteur forestier, conform\u00e9ment \u00e0 la d\u00e9centralisation politico-administrative, la d\u00e9centralisation foresti\u00e8re reste inachev\u00e9e. Elle reste bloqu\u00e9e en large partie par la survivance du syst\u00e8me des quotas.<\/p>\n<p><strong>El Hadji Dialigu\u00e9 Ba<\/strong><\/p>\n<p>&nbsp;<\/p>\n<p style=\"text-align: justify\">ISBN\u00a0: 2-86978-187-3<\/p>\n<p style=\"text-align: justify\">CODESRIA 2006<\/p>\n","protected":false},"excerpt":{"rendered":"<p><strong>Le quota est mort, vive le quota! Ou les vicissitudes de la r\u00e9glementation de l&#8217;exploitation du charbon de bois au S\u00e9n\u00e9gal (Printed)<\/strong><\/p>\n<p>&nbsp;<\/p>\n<p style=\"text-align: justify\">Birago Diop nous rappelait d\u00e9j\u00e0 que \u00ab\u00a0les morts ne sont pas morts!\u00a0\u00bb Cette v\u00e9rit\u00e9 hypoth\u00e9tique est peut-\u00eatre valable pour le quota. En effet, malgr\u00e9 son \u00e9limination juridique, le quota r\u00e9siste et continue d&#8217;exister. Sa \u00ab\u00a0mort\u00a0\u00bb annonc\u00e9e tarde \u00e0 se r\u00e9aliser. La question n&#8217;est plus de savoir si le quota doit \u00ab\u00a0mourir\u00a0\u00bb. Sa \u00ab\u00a0mort\u00a0\u00bb est prononc\u00e9e comme une sentence que le \u00ab\u00a0bourreau\u00a0\u00bb n&#8217;ose pas ex\u00e9cuter. La question est plut\u00f4t de savoir combien de temps va encore durer la \u00ab\u00a0lutte contre la mort\u00a0\u00bb que le quota a engag\u00e9e. Le quota est \u00ab\u00a0mort\u00a0\u00bb juridiquement. Mais il a surv\u00e9cu dans la pratique. Aussi, le quota est-il \u00e0 l&#8217;image d&#8217;un \u00eatre \u00ab\u00a0vivant surnaturel\u00a0\u00bb. Il est n\u00e9, a v\u00e9cu, est mort et est ressuscit\u00e9. Si sa naissance a \u00e9t\u00e9 pr\u00e9cipit\u00e9e et sa vie tumultueuse, sa mort, elle, a \u00e9t\u00e9 programm\u00e9e et sa r\u00e9surrection \u00e9tait pr\u00e9visible. En fait, en 1996, le S\u00e9n\u00e9gal se dote d&#8217;un code des collectivit\u00e9s locales qui pr\u00e9voit le transfert de comp\u00e9tences de l&#8217;\u00c9tat vers les collectivit\u00e9s locales ; parmi ces comp\u00e9tences, la gestion de l&#8217;environnement et des ressources naturelles. Le code forestier de 1998 a clairement exprim\u00e9 la volont\u00e9 du l\u00e9gislateur de consacrer la d\u00e9centralisation foresti\u00e8re. C&#8217;est ainsi que le syst\u00e8me du quota devait \u00eatre supprim\u00e9 depuis le 21 f\u00e9vrier 2001. Il devait \u00eatre remplac\u00e9 par l&#8217;am\u00e9nagement qui transf\u00e8re les comp\u00e9tences de gestion de l&#8217;exploitation foresti\u00e8re aux \u00e9lus locaux. Cependant, les plans d&#8217;am\u00e9nagement ont du mal \u00e0 se concr\u00e9tiser. Si, le code forestier du S\u00e9n\u00e9gal de 1998 constitue un cadre propice pour r\u00e9aliser une d\u00e9centralisation dans le secteur forestier, conform\u00e9ment \u00e0 la d\u00e9centralisation politico-administrative, la d\u00e9centralisation foresti\u00e8re reste inachev\u00e9e. Elle reste bloqu\u00e9e en large partie par la survivance du syst\u00e8me des quotas.<\/p>\n<p style=\"text-align: justify\">\n","protected":false},"featured_media":3400,"template":"","meta":[],"product_cat":[54,318],"product_tag":[477,547,546,548,530,545,531,541,540,544,141,543,542],"class_list":{"0":"post-2024","1":"product","2":"type-product","3":"status-publish","4":"has-post-thumbnail","6":"product_cat-codesria-books","7":"product_cat-monography","8":"product_tag-ba","9":"product_tag-bois","10":"product_tag-carbon","11":"product_tag-dialigue","12":"product_tag-el","13":"product_tag-exploitation","14":"product_tag-hadji","15":"product_tag-mort","16":"product_tag-quotas","17":"product_tag-reglementation","18":"product_tag-senegal","19":"product_tag-vicissitudes","20":"product_tag-vive","22":"first","23":"instock","24":"shipping-taxable","25":"purchasable","26":"product-type-simple"},"_links":{"self":[{"href":"https:\/\/bookshop.codesria.org\/index.php\/wp-json\/wp\/v2\/product\/2024","targetHints":{"allow":["GET"]}}],"collection":[{"href":"https:\/\/bookshop.codesria.org\/index.php\/wp-json\/wp\/v2\/product"}],"about":[{"href":"https:\/\/bookshop.codesria.org\/index.php\/wp-json\/wp\/v2\/types\/product"}],"wp:featuredmedia":[{"embeddable":true,"href":"https:\/\/bookshop.codesria.org\/index.php\/wp-json\/wp\/v2\/media\/3400"}],"wp:attachment":[{"href":"https:\/\/bookshop.codesria.org\/index.php\/wp-json\/wp\/v2\/media?parent=2024"}],"wp:term":[{"taxonomy":"product_cat","embeddable":true,"href":"https:\/\/bookshop.codesria.org\/index.php\/wp-json\/wp\/v2\/product_cat?post=2024"},{"taxonomy":"product_tag","embeddable":true,"href":"https:\/\/bookshop.codesria.org\/index.php\/wp-json\/wp\/v2\/product_tag?post=2024"}],"curies":[{"name":"wp","href":"https:\/\/api.w.org\/{rel}","templated":true}]}}