{"id":2153,"date":"2022-04-24T20:17:38","date_gmt":"2022-04-24T20:17:38","guid":{"rendered":"https:\/\/bookshop.codesria.org\/?post_type=product&#038;p=2153"},"modified":"2024-09-26T12:52:54","modified_gmt":"2024-09-26T12:52:54","slug":"le-post-modernisme-et-le-nouvel-esprit-du-capitalisme-sur-une-philosophie-globale-dempire-printed","status":"publish","type":"product","link":"https:\/\/bookshop.codesria.org\/index.php\/product\/le-post-modernisme-et-le-nouvel-esprit-du-capitalisme-sur-une-philosophie-globale-dempire-printed\/","title":{"rendered":"Le post modernisme et le nouvel esprit du capitalisme sur une philosophie globale d\u2019Empire (printed)"},"content":{"rendered":"<p>L&#8217;id\u00e9e de ce livre est n\u00e9e d&#8217;une controverse avec une certaine jeunesse africaine fascin\u00e9e par la civilisation du virtuel. L&#8217;auteur a voulu ici faire douter cette g\u00e9n\u00e9ration en mettant en \u00e9vidence les desseins secrets du postmodernisme qu&#8217;il d\u00e9crit comme une id\u00e9ologie de la mondialisation ou du libre jeu des march\u00e9s. Le livre montre que l&#8217;\u00e8re postmoderne continue et accomplit l&#8217;\u00e9poque structurale, et qu&#8217;\u00e0 ce titre, il constitue une philosophie des contraintes. Tous affichent leurs desseins totalitaires, tout en feignant de critiquer l&#8217;id\u00e9e de totalit\u00e9. D\u00e9truisant le mythe universaliste qui accompagne la postmodernit\u00e9, le livre se prononce en faveur d&#8217;un universalisme d\u00e9mocratique, fond\u00e9 sur la r\u00e9habilitation de la valeur d&#8217;usage. Il se conclut par une r\u00e9flexion g\u00e9n\u00e9rale sur le probl\u00e8me de la faillite de la modernit\u00e9, que ce livre situe au niveau de la contradiction entre la modernit\u00e9 \u00e9conomique et la modernit\u00e9 sociale; le refus de cette derni\u00e8re expliquant les nostalgies anti et pr\u00e9-modernes d&#8217;une doctrine conservatrice au service de la polarisation du monde.<\/p>\n<p>&nbsp;<\/p>\n<p><strong>Nkolo Fo\u00e9<\/strong><\/p>\n<p>&nbsp;<\/p>\n<p>ISBN\u00a0: 1 2-86978-243-3<\/p>\n<p>CODESRIA 2008<\/p>\n","protected":false},"excerpt":{"rendered":"<p><strong>Le post modernisme et le nouvel esprit du capitalisme sur une philosophie globale d\u2019Empire (printed)<\/strong><\/p>\n<p><strong>\u00a0<\/strong><\/p>\n<p style=\"text-align: justify\">L&#8217;id\u00e9e de ce livre est n\u00e9e d&#8217;une controverse avec une certaine jeunesse africaine fascin\u00e9e par la civilisation du virtuel. L&#8217;auteur a voulu ici faire douter cette g\u00e9n\u00e9ration en mettant en \u00e9vidence les desseins secrets du postmodernisme qu&#8217;il d\u00e9crit comme une id\u00e9ologie de la mondialisation ou du libre jeu des march\u00e9s. Le livre montre que l&#8217;\u00e8re postmoderne continue et accomplit l&#8217;\u00e9poque structurale, et qu&#8217;\u00e0 ce titre, il constitue une philosophie des contraintes. Tous affichent leurs desseins totalitaires, tout en feignant de critiquer l&#8217;id\u00e9e de totalit\u00e9. D\u00e9truisant le mythe universaliste qui accompagne la postmodernit\u00e9, le livre se prononce en faveur d&#8217;un universalisme d\u00e9mocratique, fond\u00e9 sur la r\u00e9habilitation de la valeur d&#8217;usage. Il se conclut par une r\u00e9flexion g\u00e9n\u00e9rale sur le probl\u00e8me de la faillite de la modernit\u00e9, que ce livre situe au niveau de la contradiction entre la modernit\u00e9 \u00e9conomique et la modernit\u00e9 sociale; le refus de cette derni\u00e8re expliquant les nostalgies anti et pr\u00e9-modernes d&#8217;une doctrine conservatrice au service de la polarisation du monde.<\/p>\n<p>&nbsp;<\/p>\n","protected":false},"featured_media":3343,"template":"","meta":[],"product_cat":[54],"product_tag":[722,725,721,727,724,719,726,720,723,718],"class_list":{"0":"post-2153","1":"product","2":"type-product","3":"status-publish","4":"has-post-thumbnail","6":"product_cat-codesria-books","7":"product_tag-capitalisme","8":"product_tag-empire","9":"product_tag-esprit","10":"product_tag-foe","11":"product_tag-globale","12":"product_tag-modernisme","13":"product_tag-nkolo","14":"product_tag-nouvel","15":"product_tag-philosophie","16":"product_tag-post","18":"first","19":"instock","20":"shipping-taxable","21":"purchasable","22":"product-type-simple"},"_links":{"self":[{"href":"https:\/\/bookshop.codesria.org\/index.php\/wp-json\/wp\/v2\/product\/2153","targetHints":{"allow":["GET"]}}],"collection":[{"href":"https:\/\/bookshop.codesria.org\/index.php\/wp-json\/wp\/v2\/product"}],"about":[{"href":"https:\/\/bookshop.codesria.org\/index.php\/wp-json\/wp\/v2\/types\/product"}],"wp:featuredmedia":[{"embeddable":true,"href":"https:\/\/bookshop.codesria.org\/index.php\/wp-json\/wp\/v2\/media\/3343"}],"wp:attachment":[{"href":"https:\/\/bookshop.codesria.org\/index.php\/wp-json\/wp\/v2\/media?parent=2153"}],"wp:term":[{"taxonomy":"product_cat","embeddable":true,"href":"https:\/\/bookshop.codesria.org\/index.php\/wp-json\/wp\/v2\/product_cat?post=2153"},{"taxonomy":"product_tag","embeddable":true,"href":"https:\/\/bookshop.codesria.org\/index.php\/wp-json\/wp\/v2\/product_tag?post=2153"}],"curies":[{"name":"wp","href":"https:\/\/api.w.org\/{rel}","templated":true}]}}