{"id":2505,"date":"2022-10-24T13:15:37","date_gmt":"2022-10-24T13:15:37","guid":{"rendered":"https:\/\/bookshop.codesria.org\/?post_type=product&#038;p=2505"},"modified":"2024-06-13T16:28:54","modified_gmt":"2024-06-13T16:28:54","slug":"diversite-et-essence-des-arts-panafricains-diversity-and-the-essence-of-pan-african-arts","status":"publish","type":"product","link":"https:\/\/bookshop.codesria.org\/index.php\/product\/diversite-et-essence-des-arts-panafricains-diversity-and-the-essence-of-pan-african-arts\/","title":{"rendered":"Diversit\u00e9 et essence des arts panafricains \/ Diversity and the Essence of Pan-African Arts"},"content":{"rendered":"<p style=\"text-align: justify\">&#8221;L&#8217;ouvrage fait \u00e9chos \u00e0 une m\u00e9moire collective dans ce que la culture qu\u2019elle produit a de plus intime au contact de l\u2019alt\u00e9rit\u00e9, et red\u00e9finit les r\u00f4les des artistes comme faiseurs de lien entre pratiques, savoirs et connaissances d\u2019hier et d\u2019aujourd\u2019hui, d\u2019ici et d\u2019ailleurs.<\/p>\n<p style=\"text-align: justify\">The book echoes a collective memory in the most intimate aspect of the culture it produces in contact with otherness, and redefines the role of artists as link makers between practices, knowledge and skills of yesterday and today, here and elsewhere.&#8221;<\/p>\n<p style=\"text-align: justify\"><strong>Fatima Zohra Ifl ahen<\/strong>, Universit\u00e9 Cadi Ayad, Marrakech Maroc<\/p>\n<p style=\"text-align: justify\">S\u2019appuyant sur un examen minutieux des cultures, des arts plastiques, du cin\u00e9ma, du th\u00e9\u00e2tre et des nouvelles sciences de l\u2019information et de la communication, Diversit\u00e9 et essence des arts panafricains est une contribution convaincante \u00e0 l\u2019entreprise de construction de la biblioth\u00e8que des humanit\u00e9s africaines\/noires inaugur\u00e9e par le CODESRIA.<\/p>\n<p style=\"text-align: justify\">Drawing on a careful examination of cultures, visual arts, cinema, theatre and the new information and communication sciences, Diversity and Essence of the Pan-African Arts is a compelling contribution to the enterprise of building the library of African\/ Black humanities inaugurated by CODESRIA.<\/p>\n<p style=\"text-align: justify\"><strong>Mamadou Diouf<\/strong>, Columbia University, New York, United States<\/p>\n","protected":false},"excerpt":{"rendered":"<h4 style=\"text-align: justify\">Diversit\u00e9 et essence des ARTS PANAFRICAINS \/ Diversity and the essence of Pan-African Arts<\/h4>\n<p style=\"text-align: justify\">Les arts, la production artistique et litt\u00e9raire en Afrique sont des \u00e9chos du patrimoine culturel africain dans ses diversit\u00e9s, son essence, ses valeurs, ses r\u00e9alit\u00e9s et ses contradictions. Ces r\u00e9sonances se traduisent de diff\u00e9rentes mani\u00e8res d\u2019une p\u00e9riode \u00e0 l\u2019autre et d\u2019une culture \u00e0 l\u2019autre. Elles propagent l\u2019image authentique que l\u2019Afrique se fait d\u2019elle-m\u00eame dans ses enthousiasmes, ses souffrances, ses malaises, ses d\u00e9fi s et sa r\u00e9silience pour se d\u00e9passer, vivre le pr\u00e9sent et imaginer son avenir. L\u2019ensemble des chapitres de ce livre a \u00e9t\u00e9 pr\u00e9sent\u00e9 pour la premi\u00e8re fois dans le cadre de l\u2019Institut sur les sciences humaines du CODESRIA qui s\u2019est tenu en marge du Festival panafricain du cin\u00e9ma et de la t\u00e9l\u00e9vision, le Fespaco, \u00e0 Ouagadougou, au Burkina Faso, en 2019. L\u2019institut a r\u00e9uni des chercheurs et des artistes africains pour r\u00e9fl\u00e9chir aux possibilit\u00e9s et aux implications de la (re)constitution de la m\u00e9moire et de l\u2019histoire des arts (pan)africains dans le cadre d\u2019un processus de probl\u00e9matisation des attitudes envers le pass\u00e9 et l\u2019avenir.<\/p>\n<p style=\"text-align: justify\"><strong>Bouchra Sidi-Hida<\/strong> est docteure en sciences sociales de l\u2019Universit\u00e9 catholique de Louvain (UCL), Belgique. Elle a \u00e9t\u00e9 chercheure s\u00e9niore au CERSS au Maroc et est actuellement Administrateur de programme au CODESRIA. Sidi-Hida est chercheure associ\u00e9e \u00e0 plusieurs centres de recherche dont le LPED de l\u2019Universit\u00e9 Aix Marseille, France. Elle est auteure de plusieurs articles et ouvrages et membre de plusieurs r\u00e9seaux de recherche internationaux tel LMI Movida sur la migration.<\/p>\n<p style=\"text-align: justify\">&#8212;&#8212;-<\/p>\n<p style=\"text-align: justify\">The Arts, artistic, and literary production in Africa are echoes of Africa\u2019s cultural heritage in its diversities, essence, values, realities, and contradictions, being transmitted across generations. These resonances are translated in different ways from one period to another and from one culture to the other. They propagate the authentic image that Africa has of itself in its enthusiasms, its sufferings, its discomforts, its challenges, and its resilience to surpass itself, live the present, and imagine its future. The collection of chapters in this book was first presented as part of the CODESRIA Humanities Institute that took place on the sidelines of the bi-annual Pan-Africa Film and Television Festival, Fespaco, in Ouagadougou, Burkina Faso in 2019. The institute convened African researchers and artists to reflect on the possibilities and implications of (re)making the memory and history of the (Pan)African arts, as part of a process of problematizing attitudes toward the past and the future.<\/p>\n<p style=\"text-align: justify\"><strong>Bouchra Sidi-Hida<\/strong> holds a Ph.D. in social sciences from the Catholic University of Louvain (UCL), Belgium. She has been a senior researcher at CERSS in Morocco and is currently Programme Officer at CODESRIA. Sidi-Hida is an associate researcher with several research centres including the LPED of the University of Aix Marseille, France. She is the author of several articles and books and a member of several international research networks such as LMI Movida on migration.<\/p>\n","protected":false},"featured_media":3121,"template":"","meta":[],"product_cat":[57,54],"product_tag":[942,943,947,185,940,945,941,949,946,944,948],"class_list":{"0":"post-2505","1":"product","2":"type-product","3":"status-publish","4":"has-post-thumbnail","6":"product_cat-book-series","7":"product_cat-codesria-books","8":"product_tag-art","9":"product_tag-arts","10":"product_tag-bouchra","11":"product_tag-culture","12":"product_tag-diversite","13":"product_tag-diversity","14":"product_tag-essence","15":"product_tag-fespaco","16":"product_tag-pan-african","17":"product_tag-panafricain","18":"product_tag-sidi-hida","20":"first","21":"instock","22":"featured","23":"shipping-taxable","24":"purchasable","25":"product-type-variable"},"_links":{"self":[{"href":"https:\/\/bookshop.codesria.org\/index.php\/wp-json\/wp\/v2\/product\/2505","targetHints":{"allow":["GET"]}}],"collection":[{"href":"https:\/\/bookshop.codesria.org\/index.php\/wp-json\/wp\/v2\/product"}],"about":[{"href":"https:\/\/bookshop.codesria.org\/index.php\/wp-json\/wp\/v2\/types\/product"}],"wp:featuredmedia":[{"embeddable":true,"href":"https:\/\/bookshop.codesria.org\/index.php\/wp-json\/wp\/v2\/media\/3121"}],"wp:attachment":[{"href":"https:\/\/bookshop.codesria.org\/index.php\/wp-json\/wp\/v2\/media?parent=2505"}],"wp:term":[{"taxonomy":"product_cat","embeddable":true,"href":"https:\/\/bookshop.codesria.org\/index.php\/wp-json\/wp\/v2\/product_cat?post=2505"},{"taxonomy":"product_tag","embeddable":true,"href":"https:\/\/bookshop.codesria.org\/index.php\/wp-json\/wp\/v2\/product_tag?post=2505"}],"curies":[{"name":"wp","href":"https:\/\/api.w.org\/{rel}","templated":true}]}}