{"id":2523,"date":"2022-12-01T12:26:38","date_gmt":"2022-12-01T12:26:38","guid":{"rendered":"https:\/\/bookshop.codesria.org\/?post_type=product&#038;p=2523"},"modified":"2024-09-26T11:17:14","modified_gmt":"2024-09-26T11:17:14","slug":"tombouctou-pour-une-histoire-de-lerudition-en-afrique-de-louest","status":"publish","type":"product","link":"https:\/\/bookshop.codesria.org\/index.php\/product\/tombouctou-pour-une-histoire-de-lerudition-en-afrique-de-louest\/","title":{"rendered":"Tombouctou: Pour une histoire de l&#8217;\u00e9rudition en Afrique de l&#8217;Ouest"},"content":{"rendered":"<p style=\"text-align: justify\">Tombouctou est devenu le point focal de nombreux projets visant \u00e0 pr\u00e9server des dizaines de milliers de manuscrits ouest-africains \u00e9crits entre les XII e et XXe si\u00e8cle. Ces manuscrits r\u00e9v\u00e8lent une histoire africaine de l&#8217;\u00e9rudition ant\u00e9rieure \u00e0 l&#8217;expansion de l&#8217;\u00e9ducation coloniale occidentale, couvrant divers domaines de la connaissance. Cet\u00a0ouvrage est fascinant \u00e0 lire pour tous ceux qui souhaitent percer l\u2019aura de myst\u00e8re et de l\u00e9gende qui s\u2019est construit autour de Tombouctou.<\/p>\n<p style=\"text-align: justify\">Tombouctou : pour une histoire de l\u2019\u00e9rudition en Afrique de l\u2019Ouest s\u2019efforce de contextualiser et de clarifier l\u2019importance pour, le Mali, l\u2019Afrique et le reste du monde, des efforts d\u00e9ploy\u00e9s en vue de pr\u00e9server les manuscrits de Tombouctou.<\/p>\n<p><iframe loading=\"lazy\" title=\"Discussion autour du livre &quot;Tombouctou : Pour une histoire de l&#039;\u00e9rudition en Afrique de l&#039;Ouest&quot;\" width=\"1200\" height=\"900\" src=\"https:\/\/www.youtube.com\/embed\/Ou5JTkMbvCo?feature=oembed\" frameborder=\"0\" allow=\"accelerometer; autoplay; clipboard-write; encrypted-media; gyroscope; picture-in-picture; web-share\" referrerpolicy=\"strict-origin-when-cross-origin\" allowfullscreen><\/iframe><\/p>\n","protected":false},"excerpt":{"rendered":"<p>Cet ouvrage est fascinant \u00e0 lire pour tous ceux qui souhaitent percer l\u2019aura de myst\u00e8re et de l\u00e9gende qui s\u2019est construit autour de Tombouctou. Tombouctou : pour une histoire de l\u2019\u00e9rudition en Afrique de l\u2019Ouest s\u2019efforce de contextualiser et de clarifier l\u2019importance pour, le Mali, l\u2019Afrique et le reste du monde, des efforts d\u00e9ploy\u00e9s en vue de pr\u00e9server les manuscrits de Tombouctou.<\/p>\n","protected":false},"featured_media":3276,"template":"","meta":[],"product_cat":[54],"product_tag":[80,952,953,767,478,951,954,950],"class_list":{"0":"post-2523","1":"product","2":"type-product","3":"status-publish","4":"has-post-thumbnail","6":"product_cat-codesria-books","7":"product_tag-afrique","8":"product_tag-erudition","9":"product_tag-kane","10":"product_tag-ouest","11":"product_tag-ousmane","12":"product_tag-shamil-jeppie-souleymane-bachir","13":"product_tag-souleymane-bachir","14":"product_tag-tombouctou","16":"first","17":"instock","18":"sale","19":"shipping-taxable","20":"purchasable","21":"product-type-simple"},"_links":{"self":[{"href":"https:\/\/bookshop.codesria.org\/index.php\/wp-json\/wp\/v2\/product\/2523","targetHints":{"allow":["GET"]}}],"collection":[{"href":"https:\/\/bookshop.codesria.org\/index.php\/wp-json\/wp\/v2\/product"}],"about":[{"href":"https:\/\/bookshop.codesria.org\/index.php\/wp-json\/wp\/v2\/types\/product"}],"wp:featuredmedia":[{"embeddable":true,"href":"https:\/\/bookshop.codesria.org\/index.php\/wp-json\/wp\/v2\/media\/3276"}],"wp:attachment":[{"href":"https:\/\/bookshop.codesria.org\/index.php\/wp-json\/wp\/v2\/media?parent=2523"}],"wp:term":[{"taxonomy":"product_cat","embeddable":true,"href":"https:\/\/bookshop.codesria.org\/index.php\/wp-json\/wp\/v2\/product_cat?post=2523"},{"taxonomy":"product_tag","embeddable":true,"href":"https:\/\/bookshop.codesria.org\/index.php\/wp-json\/wp\/v2\/product_tag?post=2523"}],"curies":[{"name":"wp","href":"https:\/\/api.w.org\/{rel}","templated":true}]}}